{"id":290,"date":"2016-08-05T10:42:17","date_gmt":"2016-08-05T09:42:17","guid":{"rendered":"http:\/\/www.pacotransport.pl\/en\/o-firmie\/"},"modified":"2016-09-12T21:59:38","modified_gmt":"2016-09-12T20:59:38","slug":"about-the-company","status":"publish","type":"page","link":"https:\/\/www.pacotransport.pl\/en\/about-the-company\/","title":{"rendered":"About the company"},"content":{"rendered":"<p>Paco Us\u0142ugi Transportowe Import-Export Grzegorz Kr\u00f3likowski is a Polish company (with 100% Polish capital share) created from scratch by Grzegorz Kr\u00f3likowski. Since 1997 it has been effectively meeting requirements of its clients, for whom it provides transport and forwarding services.<\/p>\n<p>Our offer is addressed to companies which are keen to cooperate with a professional and timely partner. The passion, which motivates us in our everyday work, and the partnership approach to our clients allowed us to win recognition among big and renowned international brands. Gradually expanded vehicle fleet and scope of services, increasing employment level in the structures of our company and number of clients put us at the forefront of medium-sized entrepreneurs in the logistics sector.<\/p>\n<p>While performing the orders entrusted with us we use a fleet of modern cars (Mercedes, MAN, DAF), which we service in certified service centres, so as to ensure that \u00a0they always comply with all the requirements of the European Union. We also have at our disposal transport facilities, where we can perform all types of logistics operations, such as transhipment of goods.<\/p>\n<p>The current range of our activity encompasses all Western Europe, Scandinavia, as well as the countries of the Middle and Far East, and of course, Poland. Quality of our services is demonstrated by obtained certificated and awards of domestic and world-scale, and membership in the Association of International Road Carriers.<\/p>\n<div style=\"width: 1280px;\" class=\"wp-video\"><!--[if lt IE 9]><script>document.createElement('video');<\/script><![endif]-->\n<video class=\"wp-video-shortcode\" id=\"video-290-1\" width=\"1280\" height=\"720\" poster=\"https:\/\/www.pacotransport.pl\/wp-content\/uploads\/2016\/08\/PAKO-TRANSPORT-Z-MUZYKA-v3-final_x264_001-mp4-image.png\" preload=\"metadata\" controls=\"controls\"><source type=\"video\/mp4\" src=\"https:\/\/www.pacotransport.pl\/wp-content\/uploads\/2016\/08\/PAKO-TRANSPORT-Z-MUZYKA-v3-final_x264_001.mp4?_=1\" \/><a href=\"https:\/\/www.pacotransport.pl\/wp-content\/uploads\/2016\/08\/PAKO-TRANSPORT-Z-MUZYKA-v3-final_x264_001.mp4\">https:\/\/www.pacotransport.pl\/wp-content\/uploads\/2016\/08\/PAKO-TRANSPORT-Z-MUZYKA-v3-final_x264_001.mp4<\/a><\/video><\/div>\n","protected":false},"excerpt":{"rendered":"<p>Paco Us\u0142ugi Transportowe Import-Export Grzegorz Kr\u00f3likowski is a Polish company (with 100% Polish capital share) created from scratch by Grzegorz Kr\u00f3likowski. Since 1997 it has been effectively meeting requirements of its clients, for whom it provides transport and forwarding services. &hellip; <a href=\"https:\/\/www.pacotransport.pl\/en\/about-the-company\/\">Continue reading <span class=\"meta-nav\">&rarr;<\/span><\/a><\/p>\n","protected":false},"author":2,"featured_media":0,"parent":0,"menu_order":6,"comment_status":"closed","ping_status":"closed","template":"","meta":{"_acf_changed":false,"_monsterinsights_skip_tracking":false,"_monsterinsights_sitenote_active":false,"_monsterinsights_sitenote_note":"","_monsterinsights_sitenote_category":0,"footnotes":""},"class_list":["post-290","page","type-page","status-publish","hentry"],"acf":[],"yoast_head":"<!-- This site is optimized with the Yoast SEO plugin v26.0 - https:\/\/yoast.com\/wordpress\/plugins\/seo\/ -->\n<title>About the company - Paco Transport<\/title>\n<meta name=\"robots\" content=\"index, follow, max-snippet:-1, max-image-preview:large, max-video-preview:-1\" \/>\n<link rel=\"canonical\" href=\"https:\/\/www.pacotransport.pl\/en\/about-the-company\/\" \/>\n<meta property=\"og:locale\" content=\"en_US\" \/>\n<meta property=\"og:type\" content=\"article\" \/>\n<meta property=\"og:title\" content=\"About the company - Paco Transport\" \/>\n<meta property=\"og:description\" content=\"Paco Us\u0142ugi Transportowe Import-Export Grzegorz Kr\u00f3likowski is a Polish company (with 100% Polish capital share) created from scratch by Grzegorz Kr\u00f3likowski. Since 1997 it has been effectively meeting requirements of its clients, for whom it provides transport and forwarding services. &hellip; Continue reading &rarr;\" \/>\n<meta property=\"og:url\" content=\"https:\/\/www.pacotransport.pl\/en\/about-the-company\/\" \/>\n<meta property=\"og:site_name\" content=\"Paco Transport\" \/>\n<meta property=\"article:modified_time\" content=\"2016-09-12T20:59:38+00:00\" \/>\n<meta name=\"twitter:label1\" content=\"Est. reading time\" \/>\n\t<meta name=\"twitter:data1\" content=\"1 minute\" \/>\n<script type=\"application\/ld+json\" class=\"yoast-schema-graph\">{\"@context\":\"https:\/\/schema.org\",\"@graph\":[{\"@type\":\"WebPage\",\"@id\":\"https:\/\/www.pacotransport.pl\/en\/about-the-company\/\",\"url\":\"https:\/\/www.pacotransport.pl\/en\/about-the-company\/\",\"name\":\"About the company - Paco Transport\",\"isPartOf\":{\"@id\":\"https:\/\/www.pacotransport.pl\/#website\"},\"datePublished\":\"2016-08-05T09:42:17+00:00\",\"dateModified\":\"2016-09-12T20:59:38+00:00\",\"breadcrumb\":{\"@id\":\"https:\/\/www.pacotransport.pl\/en\/about-the-company\/#breadcrumb\"},\"inLanguage\":\"en-US\",\"potentialAction\":[{\"@type\":\"ReadAction\",\"target\":[\"https:\/\/www.pacotransport.pl\/en\/about-the-company\/\"]}]},{\"@type\":\"BreadcrumbList\",\"@id\":\"https:\/\/www.pacotransport.pl\/en\/about-the-company\/#breadcrumb\",\"itemListElement\":[{\"@type\":\"ListItem\",\"position\":1,\"name\":\"Strona g\u0142\u00f3wna\",\"item\":\"https:\/\/www.pacotransport.pl\/en\/\"},{\"@type\":\"ListItem\",\"position\":2,\"name\":\"About the company\"}]},{\"@type\":\"WebSite\",\"@id\":\"https:\/\/www.pacotransport.pl\/#website\",\"url\":\"https:\/\/www.pacotransport.pl\/\",\"name\":\"Paco Transport\",\"description\":\"\",\"potentialAction\":[{\"@type\":\"SearchAction\",\"target\":{\"@type\":\"EntryPoint\",\"urlTemplate\":\"https:\/\/www.pacotransport.pl\/?s={search_term_string}\"},\"query-input\":{\"@type\":\"PropertyValueSpecification\",\"valueRequired\":true,\"valueName\":\"search_term_string\"}}],\"inLanguage\":\"en-US\"}]}<\/script>\n<!-- \/ Yoast SEO plugin. -->","yoast_head_json":{"title":"About the company - Paco Transport","robots":{"index":"index","follow":"follow","max-snippet":"max-snippet:-1","max-image-preview":"max-image-preview:large","max-video-preview":"max-video-preview:-1"},"canonical":"https:\/\/www.pacotransport.pl\/en\/about-the-company\/","og_locale":"en_US","og_type":"article","og_title":"About the company - Paco Transport","og_description":"Paco Us\u0142ugi Transportowe Import-Export Grzegorz Kr\u00f3likowski is a Polish company (with 100% Polish capital share) created from scratch by Grzegorz Kr\u00f3likowski. Since 1997 it has been effectively meeting requirements of its clients, for whom it provides transport and forwarding services. &hellip; Continue reading &rarr;","og_url":"https:\/\/www.pacotransport.pl\/en\/about-the-company\/","og_site_name":"Paco Transport","article_modified_time":"2016-09-12T20:59:38+00:00","twitter_misc":{"Est. reading time":"1 minute"},"schema":{"@context":"https:\/\/schema.org","@graph":[{"@type":"WebPage","@id":"https:\/\/www.pacotransport.pl\/en\/about-the-company\/","url":"https:\/\/www.pacotransport.pl\/en\/about-the-company\/","name":"About the company - Paco Transport","isPartOf":{"@id":"https:\/\/www.pacotransport.pl\/#website"},"datePublished":"2016-08-05T09:42:17+00:00","dateModified":"2016-09-12T20:59:38+00:00","breadcrumb":{"@id":"https:\/\/www.pacotransport.pl\/en\/about-the-company\/#breadcrumb"},"inLanguage":"en-US","potentialAction":[{"@type":"ReadAction","target":["https:\/\/www.pacotransport.pl\/en\/about-the-company\/"]}]},{"@type":"BreadcrumbList","@id":"https:\/\/www.pacotransport.pl\/en\/about-the-company\/#breadcrumb","itemListElement":[{"@type":"ListItem","position":1,"name":"Strona g\u0142\u00f3wna","item":"https:\/\/www.pacotransport.pl\/en\/"},{"@type":"ListItem","position":2,"name":"About the company"}]},{"@type":"WebSite","@id":"https:\/\/www.pacotransport.pl\/#website","url":"https:\/\/www.pacotransport.pl\/","name":"Paco Transport","description":"","potentialAction":[{"@type":"SearchAction","target":{"@type":"EntryPoint","urlTemplate":"https:\/\/www.pacotransport.pl\/?s={search_term_string}"},"query-input":{"@type":"PropertyValueSpecification","valueRequired":true,"valueName":"search_term_string"}}],"inLanguage":"en-US"}]}},"_links":{"self":[{"href":"https:\/\/www.pacotransport.pl\/en\/wp-json\/wp\/v2\/pages\/290","targetHints":{"allow":["GET"]}}],"collection":[{"href":"https:\/\/www.pacotransport.pl\/en\/wp-json\/wp\/v2\/pages"}],"about":[{"href":"https:\/\/www.pacotransport.pl\/en\/wp-json\/wp\/v2\/types\/page"}],"author":[{"embeddable":true,"href":"https:\/\/www.pacotransport.pl\/en\/wp-json\/wp\/v2\/users\/2"}],"replies":[{"embeddable":true,"href":"https:\/\/www.pacotransport.pl\/en\/wp-json\/wp\/v2\/comments?post=290"}],"version-history":[{"count":5,"href":"https:\/\/www.pacotransport.pl\/en\/wp-json\/wp\/v2\/pages\/290\/revisions"}],"predecessor-version":[{"id":408,"href":"https:\/\/www.pacotransport.pl\/en\/wp-json\/wp\/v2\/pages\/290\/revisions\/408"}],"wp:attachment":[{"href":"https:\/\/www.pacotransport.pl\/en\/wp-json\/wp\/v2\/media?parent=290"}],"curies":[{"name":"wp","href":"https:\/\/api.w.org\/{rel}","templated":true}]}}