{"id":694,"date":"2018-12-10T13:17:47","date_gmt":"2018-12-10T12:17:47","guid":{"rendered":"http:\/\/www.pacotransport.pl\/?page_id=694"},"modified":"2018-12-10T15:42:07","modified_gmt":"2018-12-10T14:42:07","slug":"motorradtransport","status":"publish","type":"page","link":"https:\/\/www.pacotransport.pl\/de\/angebot\/motorradtransport\/","title":{"rendered":"Motorradtransport"},"content":{"rendered":"<p><span class=\"tlid-translation translation\"><span class=\"\" title=\"\">Seit 2018 f\u00fchrt unser Unternehmen eine neue Art des Transports ein &#8211; den Transport von Motorr\u00e4dern. Wir laden haupts\u00e4chlich Motorradclubs sowie Privatpersonen ein. <span title=\"\">Transport in ganz Europa.<\/span> Wenn Sie ein bestimmtes Land mit Ihrem Motorrad fahren m\u00f6chten, der Weg dorthin jedoch lang und hart ist, laden wir Sie ein, sich mit unserem Angebot vertraut zu machen. Wir werden Ihre Motorr\u00e4der sicher an den angegebenen Ort bringen und Sie werden es genie\u00dfen k\u00f6nnen <span title=\"\">neue Orte kennenlernen<\/span> <span title=\"\">Bei Interesse laden wir Sie ein, sich mit unserem Angebot vertraut zu machen.<\/span><\/span><\/span><\/p>\n<p><img loading=\"lazy\" decoding=\"async\" class=\"aligncenter wp-image-635 size-large\" src=\"https:\/\/www.pacotransport.pl\/wp-content\/uploads\/2018\/12\/20181014_133143-1024x768.jpg\" alt=\"\" width=\"1024\" height=\"768\" srcset=\"https:\/\/www.pacotransport.pl\/wp-content\/uploads\/2018\/12\/20181014_133143-1024x768.jpg 1024w, https:\/\/www.pacotransport.pl\/wp-content\/uploads\/2018\/12\/20181014_133143-300x225.jpg 300w, https:\/\/www.pacotransport.pl\/wp-content\/uploads\/2018\/12\/20181014_133143-768x576.jpg 768w, https:\/\/www.pacotransport.pl\/wp-content\/uploads\/2018\/12\/20181014_133143-585x439.jpg 585w, https:\/\/www.pacotransport.pl\/wp-content\/uploads\/2018\/12\/20181014_133143-164x123.jpg 164w\" sizes=\"auto, (max-width: 1024px) 100vw, 1024px\" \/><\/p>\n<p><img loading=\"lazy\" decoding=\"async\" class=\"aligncenter wp-image-639 size-large\" src=\"https:\/\/www.pacotransport.pl\/wp-content\/uploads\/2018\/12\/20181014_133437-1024x768.jpg\" alt=\"\" width=\"1024\" height=\"768\" srcset=\"https:\/\/www.pacotransport.pl\/wp-content\/uploads\/2018\/12\/20181014_133437-1024x768.jpg 1024w, https:\/\/www.pacotransport.pl\/wp-content\/uploads\/2018\/12\/20181014_133437-300x225.jpg 300w, https:\/\/www.pacotransport.pl\/wp-content\/uploads\/2018\/12\/20181014_133437-768x576.jpg 768w, https:\/\/www.pacotransport.pl\/wp-content\/uploads\/2018\/12\/20181014_133437-585x439.jpg 585w, https:\/\/www.pacotransport.pl\/wp-content\/uploads\/2018\/12\/20181014_133437-164x123.jpg 164w\" sizes=\"auto, (max-width: 1024px) 100vw, 1024px\" \/><\/p>\n<p><img loading=\"lazy\" decoding=\"async\" class=\"aligncenter wp-image-643 size-large\" src=\"https:\/\/www.pacotransport.pl\/wp-content\/uploads\/2018\/12\/20181014_133457-1024x768.jpg\" alt=\"\" width=\"1024\" height=\"768\" srcset=\"https:\/\/www.pacotransport.pl\/wp-content\/uploads\/2018\/12\/20181014_133457-1024x768.jpg 1024w, https:\/\/www.pacotransport.pl\/wp-content\/uploads\/2018\/12\/20181014_133457-300x225.jpg 300w, https:\/\/www.pacotransport.pl\/wp-content\/uploads\/2018\/12\/20181014_133457-768x576.jpg 768w, https:\/\/www.pacotransport.pl\/wp-content\/uploads\/2018\/12\/20181014_133457-585x439.jpg 585w, https:\/\/www.pacotransport.pl\/wp-content\/uploads\/2018\/12\/20181014_133457-164x123.jpg 164w\" sizes=\"auto, (max-width: 1024px) 100vw, 1024px\" \/><\/p>\n<p><img loading=\"lazy\" decoding=\"async\" class=\"aligncenter wp-image-647 size-large\" src=\"https:\/\/www.pacotransport.pl\/wp-content\/uploads\/2018\/12\/20181014_133510-1024x768.jpg\" alt=\"\" width=\"1024\" height=\"768\" srcset=\"https:\/\/www.pacotransport.pl\/wp-content\/uploads\/2018\/12\/20181014_133510-1024x768.jpg 1024w, https:\/\/www.pacotransport.pl\/wp-content\/uploads\/2018\/12\/20181014_133510-300x225.jpg 300w, https:\/\/www.pacotransport.pl\/wp-content\/uploads\/2018\/12\/20181014_133510-768x576.jpg 768w, https:\/\/www.pacotransport.pl\/wp-content\/uploads\/2018\/12\/20181014_133510-585x439.jpg 585w, https:\/\/www.pacotransport.pl\/wp-content\/uploads\/2018\/12\/20181014_133510-164x123.jpg 164w\" sizes=\"auto, (max-width: 1024px) 100vw, 1024px\" \/><\/p>\n<p><img loading=\"lazy\" decoding=\"async\" class=\"aligncenter wp-image-651 size-large\" src=\"https:\/\/www.pacotransport.pl\/wp-content\/uploads\/2018\/12\/20181014_1335100-1024x768.jpg\" alt=\"\" width=\"1024\" height=\"768\" srcset=\"https:\/\/www.pacotransport.pl\/wp-content\/uploads\/2018\/12\/20181014_1335100-1024x768.jpg 1024w, https:\/\/www.pacotransport.pl\/wp-content\/uploads\/2018\/12\/20181014_1335100-300x225.jpg 300w, https:\/\/www.pacotransport.pl\/wp-content\/uploads\/2018\/12\/20181014_1335100-768x576.jpg 768w, https:\/\/www.pacotransport.pl\/wp-content\/uploads\/2018\/12\/20181014_1335100-585x439.jpg 585w, https:\/\/www.pacotransport.pl\/wp-content\/uploads\/2018\/12\/20181014_1335100-164x123.jpg 164w\" sizes=\"auto, (max-width: 1024px) 100vw, 1024px\" \/><\/p>\n<p><img loading=\"lazy\" decoding=\"async\" class=\"aligncenter wp-image-655 size-large\" src=\"https:\/\/www.pacotransport.pl\/wp-content\/uploads\/2018\/12\/20181014_135027-1024x768.jpg\" alt=\"\" width=\"1024\" height=\"768\" srcset=\"https:\/\/www.pacotransport.pl\/wp-content\/uploads\/2018\/12\/20181014_135027-1024x768.jpg 1024w, https:\/\/www.pacotransport.pl\/wp-content\/uploads\/2018\/12\/20181014_135027-300x225.jpg 300w, https:\/\/www.pacotransport.pl\/wp-content\/uploads\/2018\/12\/20181014_135027-768x576.jpg 768w, https:\/\/www.pacotransport.pl\/wp-content\/uploads\/2018\/12\/20181014_135027-585x439.jpg 585w, https:\/\/www.pacotransport.pl\/wp-content\/uploads\/2018\/12\/20181014_135027-164x123.jpg 164w\" sizes=\"auto, (max-width: 1024px) 100vw, 1024px\" \/><\/p>\n<p><img loading=\"lazy\" decoding=\"async\" class=\"aligncenter wp-image-659 size-large\" src=\"https:\/\/www.pacotransport.pl\/wp-content\/uploads\/2018\/12\/20181014_140235-1024x768.jpg\" alt=\"\" width=\"1024\" height=\"768\" srcset=\"https:\/\/www.pacotransport.pl\/wp-content\/uploads\/2018\/12\/20181014_140235-1024x768.jpg 1024w, https:\/\/www.pacotransport.pl\/wp-content\/uploads\/2018\/12\/20181014_140235-300x225.jpg 300w, https:\/\/www.pacotransport.pl\/wp-content\/uploads\/2018\/12\/20181014_140235-768x576.jpg 768w, https:\/\/www.pacotransport.pl\/wp-content\/uploads\/2018\/12\/20181014_140235-585x439.jpg 585w, https:\/\/www.pacotransport.pl\/wp-content\/uploads\/2018\/12\/20181014_140235-164x123.jpg 164w\" sizes=\"auto, (max-width: 1024px) 100vw, 1024px\" \/><\/p>\n<p><img loading=\"lazy\" decoding=\"async\" class=\"aligncenter wp-image-663 size-large\" src=\"https:\/\/www.pacotransport.pl\/wp-content\/uploads\/2018\/12\/20181014_140244-1024x768.jpg\" alt=\"\" width=\"1024\" height=\"768\" srcset=\"https:\/\/www.pacotransport.pl\/wp-content\/uploads\/2018\/12\/20181014_140244-1024x768.jpg 1024w, https:\/\/www.pacotransport.pl\/wp-content\/uploads\/2018\/12\/20181014_140244-300x225.jpg 300w, https:\/\/www.pacotransport.pl\/wp-content\/uploads\/2018\/12\/20181014_140244-768x576.jpg 768w, https:\/\/www.pacotransport.pl\/wp-content\/uploads\/2018\/12\/20181014_140244-585x439.jpg 585w, https:\/\/www.pacotransport.pl\/wp-content\/uploads\/2018\/12\/20181014_140244-164x123.jpg 164w\" sizes=\"auto, (max-width: 1024px) 100vw, 1024px\" \/><\/p>\n<p><img loading=\"lazy\" decoding=\"async\" class=\"aligncenter wp-image-667 size-large\" src=\"https:\/\/www.pacotransport.pl\/wp-content\/uploads\/2018\/12\/20181014_143640-1024x768.jpg\" alt=\"\" width=\"1024\" height=\"768\" srcset=\"https:\/\/www.pacotransport.pl\/wp-content\/uploads\/2018\/12\/20181014_143640-1024x768.jpg 1024w, https:\/\/www.pacotransport.pl\/wp-content\/uploads\/2018\/12\/20181014_143640-300x225.jpg 300w, https:\/\/www.pacotransport.pl\/wp-content\/uploads\/2018\/12\/20181014_143640-768x576.jpg 768w, https:\/\/www.pacotransport.pl\/wp-content\/uploads\/2018\/12\/20181014_143640-585x439.jpg 585w, https:\/\/www.pacotransport.pl\/wp-content\/uploads\/2018\/12\/20181014_143640-164x123.jpg 164w\" sizes=\"auto, (max-width: 1024px) 100vw, 1024px\" \/><\/p>\n<p><img loading=\"lazy\" decoding=\"async\" class=\"aligncenter wp-image-671 size-large\" src=\"https:\/\/www.pacotransport.pl\/wp-content\/uploads\/2018\/12\/20181014_143650-1024x768.jpg\" alt=\"\" width=\"1024\" height=\"768\" srcset=\"https:\/\/www.pacotransport.pl\/wp-content\/uploads\/2018\/12\/20181014_143650-1024x768.jpg 1024w, https:\/\/www.pacotransport.pl\/wp-content\/uploads\/2018\/12\/20181014_143650-300x225.jpg 300w, https:\/\/www.pacotransport.pl\/wp-content\/uploads\/2018\/12\/20181014_143650-768x576.jpg 768w, https:\/\/www.pacotransport.pl\/wp-content\/uploads\/2018\/12\/20181014_143650-585x439.jpg 585w, https:\/\/www.pacotransport.pl\/wp-content\/uploads\/2018\/12\/20181014_143650-164x123.jpg 164w\" sizes=\"auto, (max-width: 1024px) 100vw, 1024px\" \/><\/p>\n<p><img loading=\"lazy\" decoding=\"async\" class=\"aligncenter wp-image-675 size-large\" src=\"https:\/\/www.pacotransport.pl\/wp-content\/uploads\/2018\/12\/20181014_143657-1024x768.jpg\" alt=\"\" width=\"1024\" height=\"768\" srcset=\"https:\/\/www.pacotransport.pl\/wp-content\/uploads\/2018\/12\/20181014_143657-1024x768.jpg 1024w, https:\/\/www.pacotransport.pl\/wp-content\/uploads\/2018\/12\/20181014_143657-300x225.jpg 300w, https:\/\/www.pacotransport.pl\/wp-content\/uploads\/2018\/12\/20181014_143657-768x576.jpg 768w, https:\/\/www.pacotransport.pl\/wp-content\/uploads\/2018\/12\/20181014_143657-585x439.jpg 585w, https:\/\/www.pacotransport.pl\/wp-content\/uploads\/2018\/12\/20181014_143657-164x123.jpg 164w\" sizes=\"auto, (max-width: 1024px) 100vw, 1024px\" \/><\/p>\n<p><img loading=\"lazy\" decoding=\"async\" class=\"aligncenter wp-image-679 size-large\" src=\"https:\/\/www.pacotransport.pl\/wp-content\/uploads\/2018\/12\/20181014_143713-1024x768.jpg\" alt=\"\" width=\"1024\" height=\"768\" srcset=\"https:\/\/www.pacotransport.pl\/wp-content\/uploads\/2018\/12\/20181014_143713-1024x768.jpg 1024w, https:\/\/www.pacotransport.pl\/wp-content\/uploads\/2018\/12\/20181014_143713-300x225.jpg 300w, https:\/\/www.pacotransport.pl\/wp-content\/uploads\/2018\/12\/20181014_143713-768x576.jpg 768w, https:\/\/www.pacotransport.pl\/wp-content\/uploads\/2018\/12\/20181014_143713-585x439.jpg 585w, https:\/\/www.pacotransport.pl\/wp-content\/uploads\/2018\/12\/20181014_143713-164x123.jpg 164w\" sizes=\"auto, (max-width: 1024px) 100vw, 1024px\" \/><\/p>\n<p><img loading=\"lazy\" decoding=\"async\" class=\"aligncenter wp-image-683 size-large\" src=\"https:\/\/www.pacotransport.pl\/wp-content\/uploads\/2018\/12\/20181014_143718-1024x768.jpg\" alt=\"\" width=\"1024\" height=\"768\" srcset=\"https:\/\/www.pacotransport.pl\/wp-content\/uploads\/2018\/12\/20181014_143718-1024x768.jpg 1024w, https:\/\/www.pacotransport.pl\/wp-content\/uploads\/2018\/12\/20181014_143718-300x225.jpg 300w, https:\/\/www.pacotransport.pl\/wp-content\/uploads\/2018\/12\/20181014_143718-768x576.jpg 768w, https:\/\/www.pacotransport.pl\/wp-content\/uploads\/2018\/12\/20181014_143718-585x439.jpg 585w, https:\/\/www.pacotransport.pl\/wp-content\/uploads\/2018\/12\/20181014_143718-164x123.jpg 164w\" sizes=\"auto, (max-width: 1024px) 100vw, 1024px\" \/><\/p>\n","protected":false},"excerpt":{"rendered":"<p>Seit 2018 f\u00fchrt unser Unternehmen eine neue Art des Transports ein &#8211; den Transport von Motorr\u00e4dern. Wir laden haupts\u00e4chlich Motorradclubs sowie Privatpersonen ein. Transport in ganz Europa. Wenn Sie ein bestimmtes Land mit Ihrem Motorrad fahren m\u00f6chten, der Weg dorthin &hellip; <a href=\"https:\/\/www.pacotransport.pl\/de\/angebot\/motorradtransport\/\">Continue reading <span class=\"meta-nav\">&rarr;<\/span><\/a><\/p>\n","protected":false},"author":2,"featured_media":0,"parent":294,"menu_order":0,"comment_status":"closed","ping_status":"closed","template":"","meta":{"_acf_changed":false,"_monsterinsights_skip_tracking":false,"_monsterinsights_sitenote_active":false,"_monsterinsights_sitenote_note":"","_monsterinsights_sitenote_category":0,"footnotes":""},"class_list":["post-694","page","type-page","status-publish","hentry"],"acf":[],"yoast_head":"<!-- This site is optimized with the Yoast SEO plugin v26.0 - https:\/\/yoast.com\/wordpress\/plugins\/seo\/ -->\n<title>Motorradtransport - Paco Transport<\/title>\n<meta name=\"robots\" content=\"index, follow, max-snippet:-1, max-image-preview:large, max-video-preview:-1\" \/>\n<link rel=\"canonical\" href=\"https:\/\/www.pacotransport.pl\/de\/angebot\/motorradtransport\/\" \/>\n<meta property=\"og:locale\" content=\"de_DE\" \/>\n<meta property=\"og:type\" content=\"article\" \/>\n<meta property=\"og:title\" content=\"Motorradtransport - Paco Transport\" \/>\n<meta property=\"og:description\" content=\"Seit 2018 f\u00fchrt unser Unternehmen eine neue Art des Transports ein &#8211; den Transport von Motorr\u00e4dern. Wir laden haupts\u00e4chlich Motorradclubs sowie Privatpersonen ein. Transport in ganz Europa. Wenn Sie ein bestimmtes Land mit Ihrem Motorrad fahren m\u00f6chten, der Weg dorthin &hellip; Continue reading &rarr;\" \/>\n<meta property=\"og:url\" content=\"https:\/\/www.pacotransport.pl\/de\/angebot\/motorradtransport\/\" \/>\n<meta property=\"og:site_name\" content=\"Paco Transport\" \/>\n<meta property=\"article:modified_time\" content=\"2018-12-10T14:42:07+00:00\" \/>\n<meta property=\"og:image\" content=\"https:\/\/www.pacotransport.pl\/wp-content\/uploads\/2018\/12\/20181014_133143-1024x768.jpg\" \/>\n<script type=\"application\/ld+json\" class=\"yoast-schema-graph\">{\"@context\":\"https:\/\/schema.org\",\"@graph\":[{\"@type\":\"WebPage\",\"@id\":\"https:\/\/www.pacotransport.pl\/de\/angebot\/motorradtransport\/\",\"url\":\"https:\/\/www.pacotransport.pl\/de\/angebot\/motorradtransport\/\",\"name\":\"Motorradtransport - Paco Transport\",\"isPartOf\":{\"@id\":\"https:\/\/www.pacotransport.pl\/#website\"},\"primaryImageOfPage\":{\"@id\":\"https:\/\/www.pacotransport.pl\/de\/angebot\/motorradtransport\/#primaryimage\"},\"image\":{\"@id\":\"https:\/\/www.pacotransport.pl\/de\/angebot\/motorradtransport\/#primaryimage\"},\"thumbnailUrl\":\"https:\/\/www.pacotransport.pl\/wp-content\/uploads\/2018\/12\/20181014_133143-1024x768.jpg\",\"datePublished\":\"2018-12-10T12:17:47+00:00\",\"dateModified\":\"2018-12-10T14:42:07+00:00\",\"breadcrumb\":{\"@id\":\"https:\/\/www.pacotransport.pl\/de\/angebot\/motorradtransport\/#breadcrumb\"},\"inLanguage\":\"de\",\"potentialAction\":[{\"@type\":\"ReadAction\",\"target\":[\"https:\/\/www.pacotransport.pl\/de\/angebot\/motorradtransport\/\"]}]},{\"@type\":\"ImageObject\",\"inLanguage\":\"de\",\"@id\":\"https:\/\/www.pacotransport.pl\/de\/angebot\/motorradtransport\/#primaryimage\",\"url\":\"https:\/\/www.pacotransport.pl\/wp-content\/uploads\/2018\/12\/20181014_133143-1024x768.jpg\",\"contentUrl\":\"https:\/\/www.pacotransport.pl\/wp-content\/uploads\/2018\/12\/20181014_133143-1024x768.jpg\"},{\"@type\":\"BreadcrumbList\",\"@id\":\"https:\/\/www.pacotransport.pl\/de\/angebot\/motorradtransport\/#breadcrumb\",\"itemListElement\":[{\"@type\":\"ListItem\",\"position\":1,\"name\":\"Strona g\u0142\u00f3wna\",\"item\":\"https:\/\/www.pacotransport.pl\/de\/\"},{\"@type\":\"ListItem\",\"position\":2,\"name\":\"Angebot\",\"item\":\"https:\/\/www.pacotransport.pl\/de\/angebot\/\"},{\"@type\":\"ListItem\",\"position\":3,\"name\":\"Motorradtransport\"}]},{\"@type\":\"WebSite\",\"@id\":\"https:\/\/www.pacotransport.pl\/#website\",\"url\":\"https:\/\/www.pacotransport.pl\/\",\"name\":\"Paco Transport\",\"description\":\"\",\"potentialAction\":[{\"@type\":\"SearchAction\",\"target\":{\"@type\":\"EntryPoint\",\"urlTemplate\":\"https:\/\/www.pacotransport.pl\/?s={search_term_string}\"},\"query-input\":{\"@type\":\"PropertyValueSpecification\",\"valueRequired\":true,\"valueName\":\"search_term_string\"}}],\"inLanguage\":\"de\"}]}<\/script>\n<!-- \/ Yoast SEO plugin. -->","yoast_head_json":{"title":"Motorradtransport - Paco Transport","robots":{"index":"index","follow":"follow","max-snippet":"max-snippet:-1","max-image-preview":"max-image-preview:large","max-video-preview":"max-video-preview:-1"},"canonical":"https:\/\/www.pacotransport.pl\/de\/angebot\/motorradtransport\/","og_locale":"de_DE","og_type":"article","og_title":"Motorradtransport - Paco Transport","og_description":"Seit 2018 f\u00fchrt unser Unternehmen eine neue Art des Transports ein &#8211; den Transport von Motorr\u00e4dern. Wir laden haupts\u00e4chlich Motorradclubs sowie Privatpersonen ein. Transport in ganz Europa. Wenn Sie ein bestimmtes Land mit Ihrem Motorrad fahren m\u00f6chten, der Weg dorthin &hellip; Continue reading &rarr;","og_url":"https:\/\/www.pacotransport.pl\/de\/angebot\/motorradtransport\/","og_site_name":"Paco Transport","article_modified_time":"2018-12-10T14:42:07+00:00","og_image":[{"url":"https:\/\/www.pacotransport.pl\/wp-content\/uploads\/2018\/12\/20181014_133143-1024x768.jpg","type":"","width":"","height":""}],"schema":{"@context":"https:\/\/schema.org","@graph":[{"@type":"WebPage","@id":"https:\/\/www.pacotransport.pl\/de\/angebot\/motorradtransport\/","url":"https:\/\/www.pacotransport.pl\/de\/angebot\/motorradtransport\/","name":"Motorradtransport - Paco Transport","isPartOf":{"@id":"https:\/\/www.pacotransport.pl\/#website"},"primaryImageOfPage":{"@id":"https:\/\/www.pacotransport.pl\/de\/angebot\/motorradtransport\/#primaryimage"},"image":{"@id":"https:\/\/www.pacotransport.pl\/de\/angebot\/motorradtransport\/#primaryimage"},"thumbnailUrl":"https:\/\/www.pacotransport.pl\/wp-content\/uploads\/2018\/12\/20181014_133143-1024x768.jpg","datePublished":"2018-12-10T12:17:47+00:00","dateModified":"2018-12-10T14:42:07+00:00","breadcrumb":{"@id":"https:\/\/www.pacotransport.pl\/de\/angebot\/motorradtransport\/#breadcrumb"},"inLanguage":"de","potentialAction":[{"@type":"ReadAction","target":["https:\/\/www.pacotransport.pl\/de\/angebot\/motorradtransport\/"]}]},{"@type":"ImageObject","inLanguage":"de","@id":"https:\/\/www.pacotransport.pl\/de\/angebot\/motorradtransport\/#primaryimage","url":"https:\/\/www.pacotransport.pl\/wp-content\/uploads\/2018\/12\/20181014_133143-1024x768.jpg","contentUrl":"https:\/\/www.pacotransport.pl\/wp-content\/uploads\/2018\/12\/20181014_133143-1024x768.jpg"},{"@type":"BreadcrumbList","@id":"https:\/\/www.pacotransport.pl\/de\/angebot\/motorradtransport\/#breadcrumb","itemListElement":[{"@type":"ListItem","position":1,"name":"Strona g\u0142\u00f3wna","item":"https:\/\/www.pacotransport.pl\/de\/"},{"@type":"ListItem","position":2,"name":"Angebot","item":"https:\/\/www.pacotransport.pl\/de\/angebot\/"},{"@type":"ListItem","position":3,"name":"Motorradtransport"}]},{"@type":"WebSite","@id":"https:\/\/www.pacotransport.pl\/#website","url":"https:\/\/www.pacotransport.pl\/","name":"Paco Transport","description":"","potentialAction":[{"@type":"SearchAction","target":{"@type":"EntryPoint","urlTemplate":"https:\/\/www.pacotransport.pl\/?s={search_term_string}"},"query-input":{"@type":"PropertyValueSpecification","valueRequired":true,"valueName":"search_term_string"}}],"inLanguage":"de"}]}},"_links":{"self":[{"href":"https:\/\/www.pacotransport.pl\/de\/wp-json\/wp\/v2\/pages\/694","targetHints":{"allow":["GET"]}}],"collection":[{"href":"https:\/\/www.pacotransport.pl\/de\/wp-json\/wp\/v2\/pages"}],"about":[{"href":"https:\/\/www.pacotransport.pl\/de\/wp-json\/wp\/v2\/types\/page"}],"author":[{"embeddable":true,"href":"https:\/\/www.pacotransport.pl\/de\/wp-json\/wp\/v2\/users\/2"}],"replies":[{"embeddable":true,"href":"https:\/\/www.pacotransport.pl\/de\/wp-json\/wp\/v2\/comments?post=694"}],"version-history":[{"count":3,"href":"https:\/\/www.pacotransport.pl\/de\/wp-json\/wp\/v2\/pages\/694\/revisions"}],"predecessor-version":[{"id":707,"href":"https:\/\/www.pacotransport.pl\/de\/wp-json\/wp\/v2\/pages\/694\/revisions\/707"}],"up":[{"embeddable":true,"href":"https:\/\/www.pacotransport.pl\/de\/wp-json\/wp\/v2\/pages\/294"}],"wp:attachment":[{"href":"https:\/\/www.pacotransport.pl\/de\/wp-json\/wp\/v2\/media?parent=694"}],"curies":[{"name":"wp","href":"https:\/\/api.w.org\/{rel}","templated":true}]}}