{"id":380,"date":"2016-09-12T17:55:04","date_gmt":"2016-09-12T16:55:04","guid":{"rendered":"http:\/\/www.pacotransport.pl\/de\/nasz-personel\/"},"modified":"2016-09-12T18:16:03","modified_gmt":"2016-09-12T17:16:03","slug":"unsere-mitarbeiter","status":"publish","type":"page","link":"https:\/\/www.pacotransport.pl\/de\/unsere-mitarbeiter\/","title":{"rendered":"Unsere Mitarbeiter"},"content":{"rendered":"<p>Die Zufriedenheit unserer Kunden ist das Ergebnis der Arbeit unseres Teams, der die Ausf\u00fchrung der und anvertrauten Auftr\u00e4gen auf dem h\u00f6chsten Niveau garantiert. T\u00e4glich pflegen wir die Atmosph\u00e4re der Zusammenarbeit im Team, bauen positive Beziehungen mit den Partnern und den Kunden auf. Dadurch sind wir zuverl\u00e4ssig und wir k\u00f6nnen unser Potenzial entwickeln.<\/p>\n<p>Seit Jahren stehen zur Verf\u00fcgung unserer Kunden erfahrene Spediteure, f\u00fcr die der Transport viel mehr als nur ein Job ist. Unser Team besteht derzeit aus 50 kompetenten und engagierten Mitarbeiter, die geschickt ihr Wissen mit reicher Erfahrung verbinden und damit an Ihre Bed\u00fcrfnisse und Erwartungen ma\u00dfgeschneiderte L\u00f6sungen schaffen.<\/p>\n<p>Als Menschen, die die Kundenzufriedenheit aus der angekn\u00fcpften Zusammenarbeit auf der ersten Stelle stellen, k\u00f6nnen wir Sie versichern, dass wir, obwohl wir nicht die gr\u00f6\u00dften sind, danach streben, die besten zu sein.<\/p>\n","protected":false},"excerpt":{"rendered":"<p>Die Zufriedenheit unserer Kunden ist das Ergebnis der Arbeit unseres Teams, der die Ausf\u00fchrung der und anvertrauten Auftr\u00e4gen auf dem h\u00f6chsten Niveau garantiert. T\u00e4glich pflegen wir die Atmosph\u00e4re der Zusammenarbeit im Team, bauen positive Beziehungen mit den Partnern und den &hellip; <a href=\"https:\/\/www.pacotransport.pl\/de\/unsere-mitarbeiter\/\">Continue reading <span class=\"meta-nav\">&rarr;<\/span><\/a><\/p>\n","protected":false},"author":2,"featured_media":0,"parent":0,"menu_order":11,"comment_status":"closed","ping_status":"closed","template":"personel-page.php","meta":{"_acf_changed":false,"_monsterinsights_skip_tracking":false,"_monsterinsights_sitenote_active":false,"_monsterinsights_sitenote_note":"","_monsterinsights_sitenote_category":0,"footnotes":""},"class_list":["post-380","page","type-page","status-publish","hentry"],"acf":[],"yoast_head":"<!-- This site is optimized with the Yoast SEO plugin v26.0 - https:\/\/yoast.com\/wordpress\/plugins\/seo\/ -->\n<title>Unsere Mitarbeiter - Paco Transport<\/title>\n<meta name=\"robots\" content=\"index, follow, max-snippet:-1, max-image-preview:large, max-video-preview:-1\" \/>\n<link rel=\"canonical\" href=\"https:\/\/www.pacotransport.pl\/de\/unsere-mitarbeiter\/\" \/>\n<meta property=\"og:locale\" content=\"de_DE\" \/>\n<meta property=\"og:type\" content=\"article\" \/>\n<meta property=\"og:title\" content=\"Unsere Mitarbeiter - Paco Transport\" \/>\n<meta property=\"og:description\" content=\"Die Zufriedenheit unserer Kunden ist das Ergebnis der Arbeit unseres Teams, der die Ausf\u00fchrung der und anvertrauten Auftr\u00e4gen auf dem h\u00f6chsten Niveau garantiert. T\u00e4glich pflegen wir die Atmosph\u00e4re der Zusammenarbeit im Team, bauen positive Beziehungen mit den Partnern und den &hellip; Continue reading &rarr;\" \/>\n<meta property=\"og:url\" content=\"https:\/\/www.pacotransport.pl\/de\/unsere-mitarbeiter\/\" \/>\n<meta property=\"og:site_name\" content=\"Paco Transport\" \/>\n<meta property=\"article:modified_time\" content=\"2016-09-12T17:16:03+00:00\" \/>\n<meta name=\"twitter:label1\" content=\"Gesch\u00e4tzte Lesezeit\" \/>\n\t<meta name=\"twitter:data1\" content=\"1\u00a0Minute\" \/>\n<script type=\"application\/ld+json\" class=\"yoast-schema-graph\">{\"@context\":\"https:\/\/schema.org\",\"@graph\":[{\"@type\":\"WebPage\",\"@id\":\"https:\/\/www.pacotransport.pl\/de\/unsere-mitarbeiter\/\",\"url\":\"https:\/\/www.pacotransport.pl\/de\/unsere-mitarbeiter\/\",\"name\":\"Unsere Mitarbeiter - Paco Transport\",\"isPartOf\":{\"@id\":\"https:\/\/www.pacotransport.pl\/#website\"},\"datePublished\":\"2016-09-12T16:55:04+00:00\",\"dateModified\":\"2016-09-12T17:16:03+00:00\",\"breadcrumb\":{\"@id\":\"https:\/\/www.pacotransport.pl\/de\/unsere-mitarbeiter\/#breadcrumb\"},\"inLanguage\":\"de\",\"potentialAction\":[{\"@type\":\"ReadAction\",\"target\":[\"https:\/\/www.pacotransport.pl\/de\/unsere-mitarbeiter\/\"]}]},{\"@type\":\"BreadcrumbList\",\"@id\":\"https:\/\/www.pacotransport.pl\/de\/unsere-mitarbeiter\/#breadcrumb\",\"itemListElement\":[{\"@type\":\"ListItem\",\"position\":1,\"name\":\"Strona g\u0142\u00f3wna\",\"item\":\"https:\/\/www.pacotransport.pl\/de\/\"},{\"@type\":\"ListItem\",\"position\":2,\"name\":\"Unsere Mitarbeiter\"}]},{\"@type\":\"WebSite\",\"@id\":\"https:\/\/www.pacotransport.pl\/#website\",\"url\":\"https:\/\/www.pacotransport.pl\/\",\"name\":\"Paco Transport\",\"description\":\"\",\"potentialAction\":[{\"@type\":\"SearchAction\",\"target\":{\"@type\":\"EntryPoint\",\"urlTemplate\":\"https:\/\/www.pacotransport.pl\/?s={search_term_string}\"},\"query-input\":{\"@type\":\"PropertyValueSpecification\",\"valueRequired\":true,\"valueName\":\"search_term_string\"}}],\"inLanguage\":\"de\"}]}<\/script>\n<!-- \/ Yoast SEO plugin. -->","yoast_head_json":{"title":"Unsere Mitarbeiter - Paco Transport","robots":{"index":"index","follow":"follow","max-snippet":"max-snippet:-1","max-image-preview":"max-image-preview:large","max-video-preview":"max-video-preview:-1"},"canonical":"https:\/\/www.pacotransport.pl\/de\/unsere-mitarbeiter\/","og_locale":"de_DE","og_type":"article","og_title":"Unsere Mitarbeiter - Paco Transport","og_description":"Die Zufriedenheit unserer Kunden ist das Ergebnis der Arbeit unseres Teams, der die Ausf\u00fchrung der und anvertrauten Auftr\u00e4gen auf dem h\u00f6chsten Niveau garantiert. T\u00e4glich pflegen wir die Atmosph\u00e4re der Zusammenarbeit im Team, bauen positive Beziehungen mit den Partnern und den &hellip; Continue reading &rarr;","og_url":"https:\/\/www.pacotransport.pl\/de\/unsere-mitarbeiter\/","og_site_name":"Paco Transport","article_modified_time":"2016-09-12T17:16:03+00:00","twitter_misc":{"Gesch\u00e4tzte Lesezeit":"1\u00a0Minute"},"schema":{"@context":"https:\/\/schema.org","@graph":[{"@type":"WebPage","@id":"https:\/\/www.pacotransport.pl\/de\/unsere-mitarbeiter\/","url":"https:\/\/www.pacotransport.pl\/de\/unsere-mitarbeiter\/","name":"Unsere Mitarbeiter - Paco Transport","isPartOf":{"@id":"https:\/\/www.pacotransport.pl\/#website"},"datePublished":"2016-09-12T16:55:04+00:00","dateModified":"2016-09-12T17:16:03+00:00","breadcrumb":{"@id":"https:\/\/www.pacotransport.pl\/de\/unsere-mitarbeiter\/#breadcrumb"},"inLanguage":"de","potentialAction":[{"@type":"ReadAction","target":["https:\/\/www.pacotransport.pl\/de\/unsere-mitarbeiter\/"]}]},{"@type":"BreadcrumbList","@id":"https:\/\/www.pacotransport.pl\/de\/unsere-mitarbeiter\/#breadcrumb","itemListElement":[{"@type":"ListItem","position":1,"name":"Strona g\u0142\u00f3wna","item":"https:\/\/www.pacotransport.pl\/de\/"},{"@type":"ListItem","position":2,"name":"Unsere Mitarbeiter"}]},{"@type":"WebSite","@id":"https:\/\/www.pacotransport.pl\/#website","url":"https:\/\/www.pacotransport.pl\/","name":"Paco Transport","description":"","potentialAction":[{"@type":"SearchAction","target":{"@type":"EntryPoint","urlTemplate":"https:\/\/www.pacotransport.pl\/?s={search_term_string}"},"query-input":{"@type":"PropertyValueSpecification","valueRequired":true,"valueName":"search_term_string"}}],"inLanguage":"de"}]}},"_links":{"self":[{"href":"https:\/\/www.pacotransport.pl\/de\/wp-json\/wp\/v2\/pages\/380","targetHints":{"allow":["GET"]}}],"collection":[{"href":"https:\/\/www.pacotransport.pl\/de\/wp-json\/wp\/v2\/pages"}],"about":[{"href":"https:\/\/www.pacotransport.pl\/de\/wp-json\/wp\/v2\/types\/page"}],"author":[{"embeddable":true,"href":"https:\/\/www.pacotransport.pl\/de\/wp-json\/wp\/v2\/users\/2"}],"replies":[{"embeddable":true,"href":"https:\/\/www.pacotransport.pl\/de\/wp-json\/wp\/v2\/comments?post=380"}],"version-history":[{"count":2,"href":"https:\/\/www.pacotransport.pl\/de\/wp-json\/wp\/v2\/pages\/380\/revisions"}],"predecessor-version":[{"id":385,"href":"https:\/\/www.pacotransport.pl\/de\/wp-json\/wp\/v2\/pages\/380\/revisions\/385"}],"wp:attachment":[{"href":"https:\/\/www.pacotransport.pl\/de\/wp-json\/wp\/v2\/media?parent=380"}],"curies":[{"name":"wp","href":"https:\/\/api.w.org\/{rel}","templated":true}]}}