{"id":306,"date":"2016-08-05T10:44:12","date_gmt":"2016-08-05T09:44:12","guid":{"rendered":"http:\/\/www.pacotransport.pl\/de\/oferta\/transport\/"},"modified":"2024-03-06T14:56:36","modified_gmt":"2024-03-06T13:56:36","slug":"transport","status":"publish","type":"page","link":"https:\/\/www.pacotransport.pl\/de\/angebot\/transport\/","title":{"rendered":"Transport"},"content":{"rendered":"<p>Die die h\u00f6chsten Standards erf\u00fcllende, und regelm\u00e4\u00dfig modernisierte und erweiterte Fuhrpark erm\u00f6glicht uns die fristgem\u00e4\u00dfe und zuverl\u00e4ssige Umsetzung sowohl der komplexen Logistikprojekten als auch Einmalauftr\u00e4ge. Im Rahmen der von uns bedienten Projekte arbeiten wir nur mit vertrauensw\u00fcrdigen und seri\u00f6sen Transporteuren zusammen, basierend auf langfristigen Vertr\u00e4gen. Unsere Partner haben eine Flotte von mehr als 30 zus\u00e4tzlichen Fahrzeugen, so dass wir in der Lage sind, unsere Dienstleistungen auf dem h\u00f6chsten Niveau und zu einem wettbewerbsf\u00e4higen Preis anzubieten.<img loading=\"lazy\" decoding=\"async\" class=\"alignleft size-jz-width-50 wp-image-907\" src=\"https:\/\/www.pacotransport.pl\/wp-content\/uploads\/2024\/03\/PHOTO-2024-02-29-14-19-45-585x314.jpg\" alt=\"\" width=\"585\" height=\"314\" srcset=\"https:\/\/www.pacotransport.pl\/wp-content\/uploads\/2024\/03\/PHOTO-2024-02-29-14-19-45-585x314.jpg 585w, https:\/\/www.pacotransport.pl\/wp-content\/uploads\/2024\/03\/PHOTO-2024-02-29-14-19-45-300x161.jpg 300w, https:\/\/www.pacotransport.pl\/wp-content\/uploads\/2024\/03\/PHOTO-2024-02-29-14-19-45-1024x549.jpg 1024w, https:\/\/www.pacotransport.pl\/wp-content\/uploads\/2024\/03\/PHOTO-2024-02-29-14-19-45-768x412.jpg 768w, https:\/\/www.pacotransport.pl\/wp-content\/uploads\/2024\/03\/PHOTO-2024-02-29-14-19-45-225x121.jpg 225w, https:\/\/www.pacotransport.pl\/wp-content\/uploads\/2024\/03\/PHOTO-2024-02-29-14-19-45.jpg 1280w\" sizes=\"auto, (max-width: 585px) 100vw, 585px\" \/><\/p>\n<p>Alle von uns benutzte Anh\u00e4nger (SCHMITZ) sind mit seitlichen Schiebeseite und ein bewegliches Dach ausgestattet, somit kann die Verladung von hinten von der Seite oder von ober erfolgen. K\u00fchlanh\u00e4nger, die wir Ihnen zur Verf\u00fcgung stellen, haben ein System der doppelten Beladung und eine Option der Temperaturkontrolle in verschiedenen Bereichen.<\/p>\n<p>Aus der Sorge um die Sicherheit der Ladungen und volle Zufriedenheit unserer Kunden aus der Zusammenarbeit mit unserem Unternehmen wurden alle Fahrzeuge, die wir haben, mit modernen Kommunikations- und Telematikger\u00e4ten ausgestattet. Auf diese Weise k\u00f6nnen Sie ihre Ladungen im Online-System verfolgen und im st\u00e4ndigen Kontakt mit unseren Fahrern bleiben.<\/p>\n<p>&nbsp;<\/p>\n<p><img loading=\"lazy\" decoding=\"async\" class=\"alignright size-jz-width-50 wp-image-912\" src=\"https:\/\/www.pacotransport.pl\/wp-content\/uploads\/2024\/03\/PHOTO-2024-02-29-14-19-53-585x293.jpg\" alt=\"\" width=\"585\" height=\"293\" srcset=\"https:\/\/www.pacotransport.pl\/wp-content\/uploads\/2024\/03\/PHOTO-2024-02-29-14-19-53-585x293.jpg 585w, https:\/\/www.pacotransport.pl\/wp-content\/uploads\/2024\/03\/PHOTO-2024-02-29-14-19-53-300x150.jpg 300w, https:\/\/www.pacotransport.pl\/wp-content\/uploads\/2024\/03\/PHOTO-2024-02-29-14-19-53-1024x512.jpg 1024w, https:\/\/www.pacotransport.pl\/wp-content\/uploads\/2024\/03\/PHOTO-2024-02-29-14-19-53-768x384.jpg 768w, https:\/\/www.pacotransport.pl\/wp-content\/uploads\/2024\/03\/PHOTO-2024-02-29-14-19-53-225x113.jpg 225w, https:\/\/www.pacotransport.pl\/wp-content\/uploads\/2024\/03\/PHOTO-2024-02-29-14-19-53.jpg 1280w\" sizes=\"auto, (max-width: 585px) 100vw, 585px\" \/>Im Rahmen unserer Dienstleistungen sichern wir:<\/p>\n<ul>\n<li>Internationale und nationale Komplettladung (FTL) mit Fahrzeugen mit einer Ladekapazit\u00e4t von 1 bis 24 Tonnen,<\/li>\n<li>Teilladungen (LTL) im System der Zuladungen,<\/li>\n<li>Ausf\u00fchrung der Expresslieferungen (bereits ab einem Paket, bis zu einigen Palletten),<\/li>\n<li>Bef\u00f6rderung von K\u00fchlladungen (66 Palletten und BITEMAP),<\/li>\n<li>Bef\u00f6rderung der gef\u00e4hrlichen G\u00fctern (ADR),<\/li>\n<li>Transport mit Fahrzeugen, die mit Anh\u00e4ngern MEGA Plane ausgestattet sind,<\/li>\n<li>Bearbeitung der individuellen L\u00f6sungen der Bef\u00f6rderung und Veranstaltung der Lieferungsketten,<\/li>\n<li>termingem\u00e4\u00dfe Ausf\u00fchrung der anvertrauten Auftr\u00e4ge,<\/li>\n<li>zwei Fahrer zur Ausf\u00fchrung eines Auftrags (auf Kundenwunsch)<\/li>\n<\/ul>\n","protected":false},"excerpt":{"rendered":"<p>Die die h\u00f6chsten Standards erf\u00fcllende, und regelm\u00e4\u00dfig modernisierte und erweiterte Fuhrpark erm\u00f6glicht uns die fristgem\u00e4\u00dfe und zuverl\u00e4ssige Umsetzung sowohl der komplexen Logistikprojekten als auch Einmalauftr\u00e4ge. Im Rahmen der von uns bedienten Projekte arbeiten wir nur mit vertrauensw\u00fcrdigen und seri\u00f6sen Transporteuren &hellip; <a href=\"https:\/\/www.pacotransport.pl\/de\/angebot\/transport\/\">Continue reading <span class=\"meta-nav\">&rarr;<\/span><\/a><\/p>\n","protected":false},"author":2,"featured_media":0,"parent":294,"menu_order":0,"comment_status":"closed","ping_status":"closed","template":"","meta":{"_acf_changed":false,"_monsterinsights_skip_tracking":false,"_monsterinsights_sitenote_active":false,"_monsterinsights_sitenote_note":"","_monsterinsights_sitenote_category":0,"footnotes":""},"class_list":["post-306","page","type-page","status-publish","hentry"],"acf":[],"yoast_head":"<!-- This site is optimized with the Yoast SEO plugin v26.0 - https:\/\/yoast.com\/wordpress\/plugins\/seo\/ -->\n<title>Transport - Paco Transport<\/title>\n<meta name=\"robots\" content=\"index, follow, max-snippet:-1, max-image-preview:large, max-video-preview:-1\" \/>\n<link rel=\"canonical\" href=\"https:\/\/www.pacotransport.pl\/de\/angebot\/transport\/\" \/>\n<meta property=\"og:locale\" content=\"de_DE\" \/>\n<meta property=\"og:type\" content=\"article\" \/>\n<meta property=\"og:title\" content=\"Transport - Paco Transport\" \/>\n<meta property=\"og:description\" content=\"Die die h\u00f6chsten Standards erf\u00fcllende, und regelm\u00e4\u00dfig modernisierte und erweiterte Fuhrpark erm\u00f6glicht uns die fristgem\u00e4\u00dfe und zuverl\u00e4ssige Umsetzung sowohl der komplexen Logistikprojekten als auch Einmalauftr\u00e4ge. Im Rahmen der von uns bedienten Projekte arbeiten wir nur mit vertrauensw\u00fcrdigen und seri\u00f6sen Transporteuren &hellip; Continue reading &rarr;\" \/>\n<meta property=\"og:url\" content=\"https:\/\/www.pacotransport.pl\/de\/angebot\/transport\/\" \/>\n<meta property=\"og:site_name\" content=\"Paco Transport\" \/>\n<meta property=\"article:modified_time\" content=\"2024-03-06T13:56:36+00:00\" \/>\n<meta property=\"og:image\" content=\"https:\/\/www.pacotransport.pl\/wp-content\/uploads\/2024\/03\/PHOTO-2024-02-29-14-19-45-585x314.jpg\" \/>\n<meta name=\"twitter:label1\" content=\"Gesch\u00e4tzte Lesezeit\" \/>\n\t<meta name=\"twitter:data1\" content=\"2\u00a0Minuten\" \/>\n<script type=\"application\/ld+json\" class=\"yoast-schema-graph\">{\"@context\":\"https:\/\/schema.org\",\"@graph\":[{\"@type\":\"WebPage\",\"@id\":\"https:\/\/www.pacotransport.pl\/de\/angebot\/transport\/\",\"url\":\"https:\/\/www.pacotransport.pl\/de\/angebot\/transport\/\",\"name\":\"Transport - Paco Transport\",\"isPartOf\":{\"@id\":\"https:\/\/www.pacotransport.pl\/#website\"},\"primaryImageOfPage\":{\"@id\":\"https:\/\/www.pacotransport.pl\/de\/angebot\/transport\/#primaryimage\"},\"image\":{\"@id\":\"https:\/\/www.pacotransport.pl\/de\/angebot\/transport\/#primaryimage\"},\"thumbnailUrl\":\"https:\/\/www.pacotransport.pl\/wp-content\/uploads\/2024\/03\/PHOTO-2024-02-29-14-19-45-585x314.jpg\",\"datePublished\":\"2016-08-05T09:44:12+00:00\",\"dateModified\":\"2024-03-06T13:56:36+00:00\",\"breadcrumb\":{\"@id\":\"https:\/\/www.pacotransport.pl\/de\/angebot\/transport\/#breadcrumb\"},\"inLanguage\":\"de\",\"potentialAction\":[{\"@type\":\"ReadAction\",\"target\":[\"https:\/\/www.pacotransport.pl\/de\/angebot\/transport\/\"]}]},{\"@type\":\"ImageObject\",\"inLanguage\":\"de\",\"@id\":\"https:\/\/www.pacotransport.pl\/de\/angebot\/transport\/#primaryimage\",\"url\":\"https:\/\/www.pacotransport.pl\/wp-content\/uploads\/2024\/03\/PHOTO-2024-02-29-14-19-45-585x314.jpg\",\"contentUrl\":\"https:\/\/www.pacotransport.pl\/wp-content\/uploads\/2024\/03\/PHOTO-2024-02-29-14-19-45-585x314.jpg\"},{\"@type\":\"BreadcrumbList\",\"@id\":\"https:\/\/www.pacotransport.pl\/de\/angebot\/transport\/#breadcrumb\",\"itemListElement\":[{\"@type\":\"ListItem\",\"position\":1,\"name\":\"Strona g\u0142\u00f3wna\",\"item\":\"https:\/\/www.pacotransport.pl\/de\/\"},{\"@type\":\"ListItem\",\"position\":2,\"name\":\"Angebot\",\"item\":\"https:\/\/www.pacotransport.pl\/de\/angebot\/\"},{\"@type\":\"ListItem\",\"position\":3,\"name\":\"Transport\"}]},{\"@type\":\"WebSite\",\"@id\":\"https:\/\/www.pacotransport.pl\/#website\",\"url\":\"https:\/\/www.pacotransport.pl\/\",\"name\":\"Paco Transport\",\"description\":\"\",\"potentialAction\":[{\"@type\":\"SearchAction\",\"target\":{\"@type\":\"EntryPoint\",\"urlTemplate\":\"https:\/\/www.pacotransport.pl\/?s={search_term_string}\"},\"query-input\":{\"@type\":\"PropertyValueSpecification\",\"valueRequired\":true,\"valueName\":\"search_term_string\"}}],\"inLanguage\":\"de\"}]}<\/script>\n<!-- \/ Yoast SEO plugin. -->","yoast_head_json":{"title":"Transport - Paco Transport","robots":{"index":"index","follow":"follow","max-snippet":"max-snippet:-1","max-image-preview":"max-image-preview:large","max-video-preview":"max-video-preview:-1"},"canonical":"https:\/\/www.pacotransport.pl\/de\/angebot\/transport\/","og_locale":"de_DE","og_type":"article","og_title":"Transport - Paco Transport","og_description":"Die die h\u00f6chsten Standards erf\u00fcllende, und regelm\u00e4\u00dfig modernisierte und erweiterte Fuhrpark erm\u00f6glicht uns die fristgem\u00e4\u00dfe und zuverl\u00e4ssige Umsetzung sowohl der komplexen Logistikprojekten als auch Einmalauftr\u00e4ge. Im Rahmen der von uns bedienten Projekte arbeiten wir nur mit vertrauensw\u00fcrdigen und seri\u00f6sen Transporteuren &hellip; Continue reading &rarr;","og_url":"https:\/\/www.pacotransport.pl\/de\/angebot\/transport\/","og_site_name":"Paco Transport","article_modified_time":"2024-03-06T13:56:36+00:00","og_image":[{"url":"https:\/\/www.pacotransport.pl\/wp-content\/uploads\/2024\/03\/PHOTO-2024-02-29-14-19-45-585x314.jpg","type":"","width":"","height":""}],"twitter_misc":{"Gesch\u00e4tzte Lesezeit":"2\u00a0Minuten"},"schema":{"@context":"https:\/\/schema.org","@graph":[{"@type":"WebPage","@id":"https:\/\/www.pacotransport.pl\/de\/angebot\/transport\/","url":"https:\/\/www.pacotransport.pl\/de\/angebot\/transport\/","name":"Transport - Paco Transport","isPartOf":{"@id":"https:\/\/www.pacotransport.pl\/#website"},"primaryImageOfPage":{"@id":"https:\/\/www.pacotransport.pl\/de\/angebot\/transport\/#primaryimage"},"image":{"@id":"https:\/\/www.pacotransport.pl\/de\/angebot\/transport\/#primaryimage"},"thumbnailUrl":"https:\/\/www.pacotransport.pl\/wp-content\/uploads\/2024\/03\/PHOTO-2024-02-29-14-19-45-585x314.jpg","datePublished":"2016-08-05T09:44:12+00:00","dateModified":"2024-03-06T13:56:36+00:00","breadcrumb":{"@id":"https:\/\/www.pacotransport.pl\/de\/angebot\/transport\/#breadcrumb"},"inLanguage":"de","potentialAction":[{"@type":"ReadAction","target":["https:\/\/www.pacotransport.pl\/de\/angebot\/transport\/"]}]},{"@type":"ImageObject","inLanguage":"de","@id":"https:\/\/www.pacotransport.pl\/de\/angebot\/transport\/#primaryimage","url":"https:\/\/www.pacotransport.pl\/wp-content\/uploads\/2024\/03\/PHOTO-2024-02-29-14-19-45-585x314.jpg","contentUrl":"https:\/\/www.pacotransport.pl\/wp-content\/uploads\/2024\/03\/PHOTO-2024-02-29-14-19-45-585x314.jpg"},{"@type":"BreadcrumbList","@id":"https:\/\/www.pacotransport.pl\/de\/angebot\/transport\/#breadcrumb","itemListElement":[{"@type":"ListItem","position":1,"name":"Strona g\u0142\u00f3wna","item":"https:\/\/www.pacotransport.pl\/de\/"},{"@type":"ListItem","position":2,"name":"Angebot","item":"https:\/\/www.pacotransport.pl\/de\/angebot\/"},{"@type":"ListItem","position":3,"name":"Transport"}]},{"@type":"WebSite","@id":"https:\/\/www.pacotransport.pl\/#website","url":"https:\/\/www.pacotransport.pl\/","name":"Paco Transport","description":"","potentialAction":[{"@type":"SearchAction","target":{"@type":"EntryPoint","urlTemplate":"https:\/\/www.pacotransport.pl\/?s={search_term_string}"},"query-input":{"@type":"PropertyValueSpecification","valueRequired":true,"valueName":"search_term_string"}}],"inLanguage":"de"}]}},"_links":{"self":[{"href":"https:\/\/www.pacotransport.pl\/de\/wp-json\/wp\/v2\/pages\/306","targetHints":{"allow":["GET"]}}],"collection":[{"href":"https:\/\/www.pacotransport.pl\/de\/wp-json\/wp\/v2\/pages"}],"about":[{"href":"https:\/\/www.pacotransport.pl\/de\/wp-json\/wp\/v2\/types\/page"}],"author":[{"embeddable":true,"href":"https:\/\/www.pacotransport.pl\/de\/wp-json\/wp\/v2\/users\/2"}],"replies":[{"embeddable":true,"href":"https:\/\/www.pacotransport.pl\/de\/wp-json\/wp\/v2\/comments?post=306"}],"version-history":[{"count":4,"href":"https:\/\/www.pacotransport.pl\/de\/wp-json\/wp\/v2\/pages\/306\/revisions"}],"predecessor-version":[{"id":922,"href":"https:\/\/www.pacotransport.pl\/de\/wp-json\/wp\/v2\/pages\/306\/revisions\/922"}],"up":[{"embeddable":true,"href":"https:\/\/www.pacotransport.pl\/de\/wp-json\/wp\/v2\/pages\/294"}],"wp:attachment":[{"href":"https:\/\/www.pacotransport.pl\/de\/wp-json\/wp\/v2\/media?parent=306"}],"curies":[{"name":"wp","href":"https:\/\/api.w.org\/{rel}","templated":true}]}}