{"id":303,"date":"2016-08-05T10:44:27","date_gmt":"2016-08-05T09:44:27","guid":{"rendered":"http:\/\/www.pacotransport.pl\/de\/oferta\/spedycja\/"},"modified":"2024-03-06T14:59:47","modified_gmt":"2024-03-06T13:59:47","slug":"spedition","status":"publish","type":"page","link":"https:\/\/www.pacotransport.pl\/de\/angebot\/spedition\/","title":{"rendered":"Spedition"},"content":{"rendered":"<p><img loading=\"lazy\" decoding=\"async\" class=\"alignright size-jz-width-50 wp-image-567\" src=\"https:\/\/www.pacotransport.pl\/wp-content\/uploads\/2018\/06\/IBIZA-2-439x585.jpg\" alt=\"\" width=\"439\" height=\"585\" srcset=\"https:\/\/www.pacotransport.pl\/wp-content\/uploads\/2018\/06\/IBIZA-2-439x585.jpg 439w, https:\/\/www.pacotransport.pl\/wp-content\/uploads\/2018\/06\/IBIZA-2-225x300.jpg 225w, https:\/\/www.pacotransport.pl\/wp-content\/uploads\/2018\/06\/IBIZA-2-92x123.jpg 92w, https:\/\/www.pacotransport.pl\/wp-content\/uploads\/2018\/06\/IBIZA-2.jpg 720w\" sizes=\"auto, (max-width: 439px) 100vw, 439px\" \/><\/p>\n<p>Paco bietet professionelle internationale und inl\u00e4ndische Dienstleistungen im Bereich der Spedition, in der wir den Transport von G\u00fctern auf dem Gebiet der Europ\u00e4ischen Union und au\u00dferhalb der Europ\u00e4ischen Union sowie in Polen. Alle von uns angebotenen L\u00f6sungen sind optimal an die Bed\u00fcrfnisse unserer Kunden und den Charakter der Bestellung abgestimmt. Unsere Mitarbeiter sichern Ihnen im Rahmen dieser Dienstleistung:<\/p>\n<ul>\n<li>Auswahl der optimalen Route f\u00fcr den Transport von G\u00fctern mit dem g\u00fcnstigsten Transportmittel,<\/li>\n<li>Zolldienste,<\/li>\n<li>Aufsicht \u00fcber die Ladung w\u00e4hrend des Transports,<\/li>\n<li>st\u00e4ndigen Kontakt mit dem Kunden w\u00e4hrend der Ausf\u00fchrung des Auftrags,<\/li>\n<li>Sicherheitsgarantie auf jeder Etappe des Speditions- und Transportprozesses.<\/li>\n<\/ul>\n<p>&nbsp;<\/p>\n<p><img loading=\"lazy\" decoding=\"async\" class=\"aligncenter wp-image-899 size-full\" src=\"https:\/\/www.pacotransport.pl\/wp-content\/uploads\/2024\/03\/PHOTO-2024-02-29-14-19-27.jpg\" alt=\"\" width=\"1280\" height=\"794\" srcset=\"https:\/\/www.pacotransport.pl\/wp-content\/uploads\/2024\/03\/PHOTO-2024-02-29-14-19-27.jpg 1280w, https:\/\/www.pacotransport.pl\/wp-content\/uploads\/2024\/03\/PHOTO-2024-02-29-14-19-27-300x186.jpg 300w, https:\/\/www.pacotransport.pl\/wp-content\/uploads\/2024\/03\/PHOTO-2024-02-29-14-19-27-1024x635.jpg 1024w, https:\/\/www.pacotransport.pl\/wp-content\/uploads\/2024\/03\/PHOTO-2024-02-29-14-19-27-768x476.jpg 768w, https:\/\/www.pacotransport.pl\/wp-content\/uploads\/2024\/03\/PHOTO-2024-02-29-14-19-27-585x363.jpg 585w, https:\/\/www.pacotransport.pl\/wp-content\/uploads\/2024\/03\/PHOTO-2024-02-29-14-19-27-198x123.jpg 198w\" sizes=\"auto, (max-width: 1280px) 100vw, 1280px\" \/><\/p>\n","protected":false},"excerpt":{"rendered":"<p>Paco bietet professionelle internationale und inl\u00e4ndische Dienstleistungen im Bereich der Spedition, in der wir den Transport von G\u00fctern auf dem Gebiet der Europ\u00e4ischen Union und au\u00dferhalb der Europ\u00e4ischen Union sowie in Polen. Alle von uns angebotenen L\u00f6sungen sind optimal an &hellip; <a href=\"https:\/\/www.pacotransport.pl\/de\/angebot\/spedition\/\">Continue reading <span class=\"meta-nav\">&rarr;<\/span><\/a><\/p>\n","protected":false},"author":2,"featured_media":0,"parent":294,"menu_order":0,"comment_status":"closed","ping_status":"closed","template":"","meta":{"_acf_changed":false,"_monsterinsights_skip_tracking":false,"_monsterinsights_sitenote_active":false,"_monsterinsights_sitenote_note":"","_monsterinsights_sitenote_category":0,"footnotes":""},"class_list":["post-303","page","type-page","status-publish","hentry"],"acf":[],"yoast_head":"<!-- This site is optimized with the Yoast SEO plugin v26.0 - https:\/\/yoast.com\/wordpress\/plugins\/seo\/ -->\n<title>Spedition - Paco Transport<\/title>\n<meta name=\"robots\" content=\"index, follow, max-snippet:-1, max-image-preview:large, max-video-preview:-1\" \/>\n<link rel=\"canonical\" href=\"https:\/\/www.pacotransport.pl\/de\/angebot\/spedition\/\" \/>\n<meta property=\"og:locale\" content=\"de_DE\" \/>\n<meta property=\"og:type\" content=\"article\" \/>\n<meta property=\"og:title\" content=\"Spedition - Paco Transport\" \/>\n<meta property=\"og:description\" content=\"Paco bietet professionelle internationale und inl\u00e4ndische Dienstleistungen im Bereich der Spedition, in der wir den Transport von G\u00fctern auf dem Gebiet der Europ\u00e4ischen Union und au\u00dferhalb der Europ\u00e4ischen Union sowie in Polen. Alle von uns angebotenen L\u00f6sungen sind optimal an &hellip; Continue reading &rarr;\" \/>\n<meta property=\"og:url\" content=\"https:\/\/www.pacotransport.pl\/de\/angebot\/spedition\/\" \/>\n<meta property=\"og:site_name\" content=\"Paco Transport\" \/>\n<meta property=\"article:modified_time\" content=\"2024-03-06T13:59:47+00:00\" \/>\n<meta property=\"og:image\" content=\"https:\/\/www.pacotransport.pl\/wp-content\/uploads\/2018\/06\/IBIZA-2-439x585.jpg\" \/>\n<meta name=\"twitter:label1\" content=\"Gesch\u00e4tzte Lesezeit\" \/>\n\t<meta name=\"twitter:data1\" content=\"1\u00a0Minute\" \/>\n<script type=\"application\/ld+json\" class=\"yoast-schema-graph\">{\"@context\":\"https:\/\/schema.org\",\"@graph\":[{\"@type\":\"WebPage\",\"@id\":\"https:\/\/www.pacotransport.pl\/de\/angebot\/spedition\/\",\"url\":\"https:\/\/www.pacotransport.pl\/de\/angebot\/spedition\/\",\"name\":\"Spedition - Paco Transport\",\"isPartOf\":{\"@id\":\"https:\/\/www.pacotransport.pl\/#website\"},\"primaryImageOfPage\":{\"@id\":\"https:\/\/www.pacotransport.pl\/de\/angebot\/spedition\/#primaryimage\"},\"image\":{\"@id\":\"https:\/\/www.pacotransport.pl\/de\/angebot\/spedition\/#primaryimage\"},\"thumbnailUrl\":\"https:\/\/www.pacotransport.pl\/wp-content\/uploads\/2018\/06\/IBIZA-2-439x585.jpg\",\"datePublished\":\"2016-08-05T09:44:27+00:00\",\"dateModified\":\"2024-03-06T13:59:47+00:00\",\"breadcrumb\":{\"@id\":\"https:\/\/www.pacotransport.pl\/de\/angebot\/spedition\/#breadcrumb\"},\"inLanguage\":\"de\",\"potentialAction\":[{\"@type\":\"ReadAction\",\"target\":[\"https:\/\/www.pacotransport.pl\/de\/angebot\/spedition\/\"]}]},{\"@type\":\"ImageObject\",\"inLanguage\":\"de\",\"@id\":\"https:\/\/www.pacotransport.pl\/de\/angebot\/spedition\/#primaryimage\",\"url\":\"https:\/\/www.pacotransport.pl\/wp-content\/uploads\/2018\/06\/IBIZA-2-439x585.jpg\",\"contentUrl\":\"https:\/\/www.pacotransport.pl\/wp-content\/uploads\/2018\/06\/IBIZA-2-439x585.jpg\"},{\"@type\":\"BreadcrumbList\",\"@id\":\"https:\/\/www.pacotransport.pl\/de\/angebot\/spedition\/#breadcrumb\",\"itemListElement\":[{\"@type\":\"ListItem\",\"position\":1,\"name\":\"Strona g\u0142\u00f3wna\",\"item\":\"https:\/\/www.pacotransport.pl\/de\/\"},{\"@type\":\"ListItem\",\"position\":2,\"name\":\"Angebot\",\"item\":\"https:\/\/www.pacotransport.pl\/de\/angebot\/\"},{\"@type\":\"ListItem\",\"position\":3,\"name\":\"Spedition\"}]},{\"@type\":\"WebSite\",\"@id\":\"https:\/\/www.pacotransport.pl\/#website\",\"url\":\"https:\/\/www.pacotransport.pl\/\",\"name\":\"Paco Transport\",\"description\":\"\",\"potentialAction\":[{\"@type\":\"SearchAction\",\"target\":{\"@type\":\"EntryPoint\",\"urlTemplate\":\"https:\/\/www.pacotransport.pl\/?s={search_term_string}\"},\"query-input\":{\"@type\":\"PropertyValueSpecification\",\"valueRequired\":true,\"valueName\":\"search_term_string\"}}],\"inLanguage\":\"de\"}]}<\/script>\n<!-- \/ Yoast SEO plugin. -->","yoast_head_json":{"title":"Spedition - Paco Transport","robots":{"index":"index","follow":"follow","max-snippet":"max-snippet:-1","max-image-preview":"max-image-preview:large","max-video-preview":"max-video-preview:-1"},"canonical":"https:\/\/www.pacotransport.pl\/de\/angebot\/spedition\/","og_locale":"de_DE","og_type":"article","og_title":"Spedition - Paco Transport","og_description":"Paco bietet professionelle internationale und inl\u00e4ndische Dienstleistungen im Bereich der Spedition, in der wir den Transport von G\u00fctern auf dem Gebiet der Europ\u00e4ischen Union und au\u00dferhalb der Europ\u00e4ischen Union sowie in Polen. Alle von uns angebotenen L\u00f6sungen sind optimal an &hellip; Continue reading &rarr;","og_url":"https:\/\/www.pacotransport.pl\/de\/angebot\/spedition\/","og_site_name":"Paco Transport","article_modified_time":"2024-03-06T13:59:47+00:00","og_image":[{"url":"https:\/\/www.pacotransport.pl\/wp-content\/uploads\/2018\/06\/IBIZA-2-439x585.jpg","type":"","width":"","height":""}],"twitter_misc":{"Gesch\u00e4tzte Lesezeit":"1\u00a0Minute"},"schema":{"@context":"https:\/\/schema.org","@graph":[{"@type":"WebPage","@id":"https:\/\/www.pacotransport.pl\/de\/angebot\/spedition\/","url":"https:\/\/www.pacotransport.pl\/de\/angebot\/spedition\/","name":"Spedition - Paco Transport","isPartOf":{"@id":"https:\/\/www.pacotransport.pl\/#website"},"primaryImageOfPage":{"@id":"https:\/\/www.pacotransport.pl\/de\/angebot\/spedition\/#primaryimage"},"image":{"@id":"https:\/\/www.pacotransport.pl\/de\/angebot\/spedition\/#primaryimage"},"thumbnailUrl":"https:\/\/www.pacotransport.pl\/wp-content\/uploads\/2018\/06\/IBIZA-2-439x585.jpg","datePublished":"2016-08-05T09:44:27+00:00","dateModified":"2024-03-06T13:59:47+00:00","breadcrumb":{"@id":"https:\/\/www.pacotransport.pl\/de\/angebot\/spedition\/#breadcrumb"},"inLanguage":"de","potentialAction":[{"@type":"ReadAction","target":["https:\/\/www.pacotransport.pl\/de\/angebot\/spedition\/"]}]},{"@type":"ImageObject","inLanguage":"de","@id":"https:\/\/www.pacotransport.pl\/de\/angebot\/spedition\/#primaryimage","url":"https:\/\/www.pacotransport.pl\/wp-content\/uploads\/2018\/06\/IBIZA-2-439x585.jpg","contentUrl":"https:\/\/www.pacotransport.pl\/wp-content\/uploads\/2018\/06\/IBIZA-2-439x585.jpg"},{"@type":"BreadcrumbList","@id":"https:\/\/www.pacotransport.pl\/de\/angebot\/spedition\/#breadcrumb","itemListElement":[{"@type":"ListItem","position":1,"name":"Strona g\u0142\u00f3wna","item":"https:\/\/www.pacotransport.pl\/de\/"},{"@type":"ListItem","position":2,"name":"Angebot","item":"https:\/\/www.pacotransport.pl\/de\/angebot\/"},{"@type":"ListItem","position":3,"name":"Spedition"}]},{"@type":"WebSite","@id":"https:\/\/www.pacotransport.pl\/#website","url":"https:\/\/www.pacotransport.pl\/","name":"Paco Transport","description":"","potentialAction":[{"@type":"SearchAction","target":{"@type":"EntryPoint","urlTemplate":"https:\/\/www.pacotransport.pl\/?s={search_term_string}"},"query-input":{"@type":"PropertyValueSpecification","valueRequired":true,"valueName":"search_term_string"}}],"inLanguage":"de"}]}},"_links":{"self":[{"href":"https:\/\/www.pacotransport.pl\/de\/wp-json\/wp\/v2\/pages\/303","targetHints":{"allow":["GET"]}}],"collection":[{"href":"https:\/\/www.pacotransport.pl\/de\/wp-json\/wp\/v2\/pages"}],"about":[{"href":"https:\/\/www.pacotransport.pl\/de\/wp-json\/wp\/v2\/types\/page"}],"author":[{"embeddable":true,"href":"https:\/\/www.pacotransport.pl\/de\/wp-json\/wp\/v2\/users\/2"}],"replies":[{"embeddable":true,"href":"https:\/\/www.pacotransport.pl\/de\/wp-json\/wp\/v2\/comments?post=303"}],"version-history":[{"count":2,"href":"https:\/\/www.pacotransport.pl\/de\/wp-json\/wp\/v2\/pages\/303\/revisions"}],"predecessor-version":[{"id":926,"href":"https:\/\/www.pacotransport.pl\/de\/wp-json\/wp\/v2\/pages\/303\/revisions\/926"}],"up":[{"embeddable":true,"href":"https:\/\/www.pacotransport.pl\/de\/wp-json\/wp\/v2\/pages\/294"}],"wp:attachment":[{"href":"https:\/\/www.pacotransport.pl\/de\/wp-json\/wp\/v2\/media?parent=303"}],"curies":[{"name":"wp","href":"https:\/\/api.w.org\/{rel}","templated":true}]}}