{"id":300,"date":"2016-08-05T10:45:14","date_gmt":"2016-08-05T09:45:14","guid":{"rendered":"http:\/\/www.pacotransport.pl\/de\/oferta\/przeladunki-i-magazynowanie\/"},"modified":"2016-09-12T11:57:25","modified_gmt":"2016-09-12T10:57:25","slug":"umladungen-und-lagerung","status":"publish","type":"page","link":"https:\/\/www.pacotransport.pl\/de\/angebot\/umladungen-und-lagerung\/","title":{"rendered":"Umladungen und Lagerung"},"content":{"rendered":"<p>Perfekt entwickelte eigene Fahrzeugflotte und die Kenntnis der Verteilung der strategischen Punkte der Be- und Entladung unserer Kunden erm\u00f6glicht uns Umladung der bef\u00f6rderten G\u00fcter zu jedem Zeitpunkt und in beliebiger Richtung.<\/p>\n<p>Wir besch\u00e4ftigen uns mit umfassender Veranstaltung der Lagerung in Polen und Europa. Wir helfen kosteng\u00fcnstige Logistikl\u00f6sungen zu finden, die \u00fcber die Standarddienste der gro\u00dfen Betreiber hinausgehen.<\/p>\n","protected":false},"excerpt":{"rendered":"<p>Perfekt entwickelte eigene Fahrzeugflotte und die Kenntnis der Verteilung der strategischen Punkte der Be- und Entladung unserer Kunden erm\u00f6glicht uns Umladung der bef\u00f6rderten G\u00fcter zu jedem Zeitpunkt und in beliebiger Richtung. Wir besch\u00e4ftigen uns mit umfassender Veranstaltung der Lagerung in &hellip; <a href=\"https:\/\/www.pacotransport.pl\/de\/angebot\/umladungen-und-lagerung\/\">Continue reading <span class=\"meta-nav\">&rarr;<\/span><\/a><\/p>\n","protected":false},"author":2,"featured_media":0,"parent":294,"menu_order":0,"comment_status":"closed","ping_status":"closed","template":"","meta":{"_acf_changed":false,"_monsterinsights_skip_tracking":false,"_monsterinsights_sitenote_active":false,"_monsterinsights_sitenote_note":"","_monsterinsights_sitenote_category":0,"footnotes":""},"class_list":["post-300","page","type-page","status-publish","hentry"],"acf":[],"yoast_head":"<!-- This site is optimized with the Yoast SEO plugin v26.0 - https:\/\/yoast.com\/wordpress\/plugins\/seo\/ -->\n<title>Umladungen und Lagerung - Paco Transport<\/title>\n<meta name=\"robots\" content=\"index, follow, max-snippet:-1, max-image-preview:large, max-video-preview:-1\" \/>\n<link rel=\"canonical\" href=\"https:\/\/www.pacotransport.pl\/de\/angebot\/umladungen-und-lagerung\/\" \/>\n<meta property=\"og:locale\" content=\"de_DE\" \/>\n<meta property=\"og:type\" content=\"article\" \/>\n<meta property=\"og:title\" content=\"Umladungen und Lagerung - Paco Transport\" \/>\n<meta property=\"og:description\" content=\"Perfekt entwickelte eigene Fahrzeugflotte und die Kenntnis der Verteilung der strategischen Punkte der Be- und Entladung unserer Kunden erm\u00f6glicht uns Umladung der bef\u00f6rderten G\u00fcter zu jedem Zeitpunkt und in beliebiger Richtung. Wir besch\u00e4ftigen uns mit umfassender Veranstaltung der Lagerung in &hellip; Continue reading &rarr;\" \/>\n<meta property=\"og:url\" content=\"https:\/\/www.pacotransport.pl\/de\/angebot\/umladungen-und-lagerung\/\" \/>\n<meta property=\"og:site_name\" content=\"Paco Transport\" \/>\n<meta property=\"article:modified_time\" content=\"2016-09-12T10:57:25+00:00\" \/>\n<script type=\"application\/ld+json\" class=\"yoast-schema-graph\">{\"@context\":\"https:\/\/schema.org\",\"@graph\":[{\"@type\":\"WebPage\",\"@id\":\"https:\/\/www.pacotransport.pl\/de\/angebot\/umladungen-und-lagerung\/\",\"url\":\"https:\/\/www.pacotransport.pl\/de\/angebot\/umladungen-und-lagerung\/\",\"name\":\"Umladungen und Lagerung - Paco Transport\",\"isPartOf\":{\"@id\":\"https:\/\/www.pacotransport.pl\/#website\"},\"datePublished\":\"2016-08-05T09:45:14+00:00\",\"dateModified\":\"2016-09-12T10:57:25+00:00\",\"breadcrumb\":{\"@id\":\"https:\/\/www.pacotransport.pl\/de\/angebot\/umladungen-und-lagerung\/#breadcrumb\"},\"inLanguage\":\"de\",\"potentialAction\":[{\"@type\":\"ReadAction\",\"target\":[\"https:\/\/www.pacotransport.pl\/de\/angebot\/umladungen-und-lagerung\/\"]}]},{\"@type\":\"BreadcrumbList\",\"@id\":\"https:\/\/www.pacotransport.pl\/de\/angebot\/umladungen-und-lagerung\/#breadcrumb\",\"itemListElement\":[{\"@type\":\"ListItem\",\"position\":1,\"name\":\"Strona g\u0142\u00f3wna\",\"item\":\"https:\/\/www.pacotransport.pl\/de\/\"},{\"@type\":\"ListItem\",\"position\":2,\"name\":\"Angebot\",\"item\":\"https:\/\/www.pacotransport.pl\/de\/angebot\/\"},{\"@type\":\"ListItem\",\"position\":3,\"name\":\"Umladungen und Lagerung\"}]},{\"@type\":\"WebSite\",\"@id\":\"https:\/\/www.pacotransport.pl\/#website\",\"url\":\"https:\/\/www.pacotransport.pl\/\",\"name\":\"Paco Transport\",\"description\":\"\",\"potentialAction\":[{\"@type\":\"SearchAction\",\"target\":{\"@type\":\"EntryPoint\",\"urlTemplate\":\"https:\/\/www.pacotransport.pl\/?s={search_term_string}\"},\"query-input\":{\"@type\":\"PropertyValueSpecification\",\"valueRequired\":true,\"valueName\":\"search_term_string\"}}],\"inLanguage\":\"de\"}]}<\/script>\n<!-- \/ Yoast SEO plugin. -->","yoast_head_json":{"title":"Umladungen und Lagerung - Paco Transport","robots":{"index":"index","follow":"follow","max-snippet":"max-snippet:-1","max-image-preview":"max-image-preview:large","max-video-preview":"max-video-preview:-1"},"canonical":"https:\/\/www.pacotransport.pl\/de\/angebot\/umladungen-und-lagerung\/","og_locale":"de_DE","og_type":"article","og_title":"Umladungen und Lagerung - Paco Transport","og_description":"Perfekt entwickelte eigene Fahrzeugflotte und die Kenntnis der Verteilung der strategischen Punkte der Be- und Entladung unserer Kunden erm\u00f6glicht uns Umladung der bef\u00f6rderten G\u00fcter zu jedem Zeitpunkt und in beliebiger Richtung. Wir besch\u00e4ftigen uns mit umfassender Veranstaltung der Lagerung in &hellip; Continue reading &rarr;","og_url":"https:\/\/www.pacotransport.pl\/de\/angebot\/umladungen-und-lagerung\/","og_site_name":"Paco Transport","article_modified_time":"2016-09-12T10:57:25+00:00","schema":{"@context":"https:\/\/schema.org","@graph":[{"@type":"WebPage","@id":"https:\/\/www.pacotransport.pl\/de\/angebot\/umladungen-und-lagerung\/","url":"https:\/\/www.pacotransport.pl\/de\/angebot\/umladungen-und-lagerung\/","name":"Umladungen und Lagerung - Paco Transport","isPartOf":{"@id":"https:\/\/www.pacotransport.pl\/#website"},"datePublished":"2016-08-05T09:45:14+00:00","dateModified":"2016-09-12T10:57:25+00:00","breadcrumb":{"@id":"https:\/\/www.pacotransport.pl\/de\/angebot\/umladungen-und-lagerung\/#breadcrumb"},"inLanguage":"de","potentialAction":[{"@type":"ReadAction","target":["https:\/\/www.pacotransport.pl\/de\/angebot\/umladungen-und-lagerung\/"]}]},{"@type":"BreadcrumbList","@id":"https:\/\/www.pacotransport.pl\/de\/angebot\/umladungen-und-lagerung\/#breadcrumb","itemListElement":[{"@type":"ListItem","position":1,"name":"Strona g\u0142\u00f3wna","item":"https:\/\/www.pacotransport.pl\/de\/"},{"@type":"ListItem","position":2,"name":"Angebot","item":"https:\/\/www.pacotransport.pl\/de\/angebot\/"},{"@type":"ListItem","position":3,"name":"Umladungen und Lagerung"}]},{"@type":"WebSite","@id":"https:\/\/www.pacotransport.pl\/#website","url":"https:\/\/www.pacotransport.pl\/","name":"Paco Transport","description":"","potentialAction":[{"@type":"SearchAction","target":{"@type":"EntryPoint","urlTemplate":"https:\/\/www.pacotransport.pl\/?s={search_term_string}"},"query-input":{"@type":"PropertyValueSpecification","valueRequired":true,"valueName":"search_term_string"}}],"inLanguage":"de"}]}},"_links":{"self":[{"href":"https:\/\/www.pacotransport.pl\/de\/wp-json\/wp\/v2\/pages\/300","targetHints":{"allow":["GET"]}}],"collection":[{"href":"https:\/\/www.pacotransport.pl\/de\/wp-json\/wp\/v2\/pages"}],"about":[{"href":"https:\/\/www.pacotransport.pl\/de\/wp-json\/wp\/v2\/types\/page"}],"author":[{"embeddable":true,"href":"https:\/\/www.pacotransport.pl\/de\/wp-json\/wp\/v2\/users\/2"}],"replies":[{"embeddable":true,"href":"https:\/\/www.pacotransport.pl\/de\/wp-json\/wp\/v2\/comments?post=300"}],"version-history":[{"count":1,"href":"https:\/\/www.pacotransport.pl\/de\/wp-json\/wp\/v2\/pages\/300\/revisions"}],"predecessor-version":[{"id":346,"href":"https:\/\/www.pacotransport.pl\/de\/wp-json\/wp\/v2\/pages\/300\/revisions\/346"}],"up":[{"embeddable":true,"href":"https:\/\/www.pacotransport.pl\/de\/wp-json\/wp\/v2\/pages\/294"}],"wp:attachment":[{"href":"https:\/\/www.pacotransport.pl\/de\/wp-json\/wp\/v2\/media?parent=300"}],"curies":[{"name":"wp","href":"https:\/\/api.w.org\/{rel}","templated":true}]}}