{"id":294,"date":"2016-08-05T10:42:29","date_gmt":"2016-08-05T09:42:29","guid":{"rendered":"http:\/\/www.pacotransport.pl\/de\/oferta\/"},"modified":"2016-09-12T18:16:01","modified_gmt":"2016-09-12T17:16:01","slug":"angebot","status":"publish","type":"page","link":"https:\/\/www.pacotransport.pl\/de\/angebot\/","title":{"rendered":"Angebot"},"content":{"rendered":"<p>Im Rahmen der von uns erbrachten Leistungen bieten wir nationalen und internationalen Stra\u00dfentransport von G\u00fctern, der durch eine Haftpflichtversicherung des Transporteurs von 400 000 EUR gedeckt wird. Wir bieten auch Transportleistungen unter Verwendung der Fahrerkarten f\u00fcr LKW\u00b4s des Transitverfahrens T1 und T2. Wir sind spezialisiert in dem K\u00fchltransport, der im System Double Deck umgesetzt wird und im Transport der Ladungen bei verschiedenen Temperaturen. Jeder K\u00fchlanh\u00e4nger verf\u00fcgt \u00fcber eine Zulassung f\u00fcr den Transport von Arzneimitteln und Zeugnis der sanit\u00e4repidemiologischen Anstalt. Wir haben auch die ADR-Befugnisse, so dass wir gef\u00e4hrliche G\u00fcter in den europ\u00e4ischen L\u00e4ndern und den ehemaligen GUS transportieren k\u00f6nnen.<\/p>\n<p>Wir verf\u00fcgen \u00fcber moderne Fahrzeugsflotte bestehend aus:<\/p>\n<ul>\n<li>Sattelschlepper solcher Marken wie: Mercedes, MAN und DAF,<\/li>\n<li>Anh\u00e4nger MEGA mit Plane mit 33 Pallettenstellen und Ladekapazit\u00e4t bis 24 Tonnen,<\/li>\n<li>K\u00fchlanh\u00e4nger mit Doppelboden, die den gleichzeitigen Transport von gefrorenen und gek\u00fchlten Ladungen erm\u00f6glichen, mit 66 Palettenstellen und Ladekapazit\u00e4t von bis zu 22 Tonnen,<\/li>\n<li>K\u00fchlanh\u00e4nger BITEMP mit der M\u00f6glichkeit der Steuerung der unterschiedlichen Temperaturen auf dem gleichen Anh\u00e4nger,<\/li>\n<li>K\u00fchlbusse mit 8 und 10 Palettenpl\u00e4tzen.<\/li>\n<\/ul>\n<p>Alle unsere Fahrzeuge sind mit GPS-Satelliten-Ortungssystem ausgestattet. W\u00e4hrend der gesamten Laufzeit des Auftrags sind wir im st\u00e4ndigen Kontakt mit den Fahrern, die Mobiltelefone mit internationaler Reichweite nutzen. Unsere Fahrzeuge entsprechen den europ\u00e4ischen Abgasnormen EURO 5 UND EURO 6.<\/p>\n","protected":false},"excerpt":{"rendered":"<p>Im Rahmen der von uns erbrachten Leistungen bieten wir nationalen und internationalen Stra\u00dfentransport von G\u00fctern, der durch eine Haftpflichtversicherung des Transporteurs von 400 000 EUR gedeckt wird. Wir bieten auch Transportleistungen unter Verwendung der Fahrerkarten f\u00fcr LKW\u00b4s des Transitverfahrens T1 &hellip; <a href=\"https:\/\/www.pacotransport.pl\/de\/angebot\/\">Continue reading <span class=\"meta-nav\">&rarr;<\/span><\/a><\/p>\n","protected":false},"author":2,"featured_media":0,"parent":0,"menu_order":7,"comment_status":"closed","ping_status":"closed","template":"oferta-page.php","meta":{"_acf_changed":false,"_monsterinsights_skip_tracking":false,"_monsterinsights_sitenote_active":false,"_monsterinsights_sitenote_note":"","_monsterinsights_sitenote_category":0,"footnotes":""},"class_list":["post-294","page","type-page","status-publish","hentry"],"acf":[],"yoast_head":"<!-- This site is optimized with the Yoast SEO plugin v26.0 - https:\/\/yoast.com\/wordpress\/plugins\/seo\/ -->\n<title>Angebot - Paco Transport<\/title>\n<meta name=\"robots\" content=\"index, follow, max-snippet:-1, max-image-preview:large, max-video-preview:-1\" \/>\n<link rel=\"canonical\" href=\"https:\/\/www.pacotransport.pl\/de\/angebot\/\" \/>\n<meta property=\"og:locale\" content=\"de_DE\" \/>\n<meta property=\"og:type\" content=\"article\" \/>\n<meta property=\"og:title\" content=\"Angebot - Paco Transport\" \/>\n<meta property=\"og:description\" content=\"Im Rahmen der von uns erbrachten Leistungen bieten wir nationalen und internationalen Stra\u00dfentransport von G\u00fctern, der durch eine Haftpflichtversicherung des Transporteurs von 400 000 EUR gedeckt wird. Wir bieten auch Transportleistungen unter Verwendung der Fahrerkarten f\u00fcr LKW\u00b4s des Transitverfahrens T1 &hellip; Continue reading &rarr;\" \/>\n<meta property=\"og:url\" content=\"https:\/\/www.pacotransport.pl\/de\/angebot\/\" \/>\n<meta property=\"og:site_name\" content=\"Paco Transport\" \/>\n<meta property=\"article:modified_time\" content=\"2016-09-12T17:16:01+00:00\" \/>\n<meta name=\"twitter:label1\" content=\"Gesch\u00e4tzte Lesezeit\" \/>\n\t<meta name=\"twitter:data1\" content=\"1\u00a0Minute\" \/>\n<script type=\"application\/ld+json\" class=\"yoast-schema-graph\">{\"@context\":\"https:\/\/schema.org\",\"@graph\":[{\"@type\":\"WebPage\",\"@id\":\"https:\/\/www.pacotransport.pl\/de\/angebot\/\",\"url\":\"https:\/\/www.pacotransport.pl\/de\/angebot\/\",\"name\":\"Angebot - Paco Transport\",\"isPartOf\":{\"@id\":\"https:\/\/www.pacotransport.pl\/#website\"},\"datePublished\":\"2016-08-05T09:42:29+00:00\",\"dateModified\":\"2016-09-12T17:16:01+00:00\",\"breadcrumb\":{\"@id\":\"https:\/\/www.pacotransport.pl\/de\/angebot\/#breadcrumb\"},\"inLanguage\":\"de\",\"potentialAction\":[{\"@type\":\"ReadAction\",\"target\":[\"https:\/\/www.pacotransport.pl\/de\/angebot\/\"]}]},{\"@type\":\"BreadcrumbList\",\"@id\":\"https:\/\/www.pacotransport.pl\/de\/angebot\/#breadcrumb\",\"itemListElement\":[{\"@type\":\"ListItem\",\"position\":1,\"name\":\"Strona g\u0142\u00f3wna\",\"item\":\"https:\/\/www.pacotransport.pl\/de\/\"},{\"@type\":\"ListItem\",\"position\":2,\"name\":\"Angebot\"}]},{\"@type\":\"WebSite\",\"@id\":\"https:\/\/www.pacotransport.pl\/#website\",\"url\":\"https:\/\/www.pacotransport.pl\/\",\"name\":\"Paco Transport\",\"description\":\"\",\"potentialAction\":[{\"@type\":\"SearchAction\",\"target\":{\"@type\":\"EntryPoint\",\"urlTemplate\":\"https:\/\/www.pacotransport.pl\/?s={search_term_string}\"},\"query-input\":{\"@type\":\"PropertyValueSpecification\",\"valueRequired\":true,\"valueName\":\"search_term_string\"}}],\"inLanguage\":\"de\"}]}<\/script>\n<!-- \/ Yoast SEO plugin. -->","yoast_head_json":{"title":"Angebot - Paco Transport","robots":{"index":"index","follow":"follow","max-snippet":"max-snippet:-1","max-image-preview":"max-image-preview:large","max-video-preview":"max-video-preview:-1"},"canonical":"https:\/\/www.pacotransport.pl\/de\/angebot\/","og_locale":"de_DE","og_type":"article","og_title":"Angebot - Paco Transport","og_description":"Im Rahmen der von uns erbrachten Leistungen bieten wir nationalen und internationalen Stra\u00dfentransport von G\u00fctern, der durch eine Haftpflichtversicherung des Transporteurs von 400 000 EUR gedeckt wird. Wir bieten auch Transportleistungen unter Verwendung der Fahrerkarten f\u00fcr LKW\u00b4s des Transitverfahrens T1 &hellip; Continue reading &rarr;","og_url":"https:\/\/www.pacotransport.pl\/de\/angebot\/","og_site_name":"Paco Transport","article_modified_time":"2016-09-12T17:16:01+00:00","twitter_misc":{"Gesch\u00e4tzte Lesezeit":"1\u00a0Minute"},"schema":{"@context":"https:\/\/schema.org","@graph":[{"@type":"WebPage","@id":"https:\/\/www.pacotransport.pl\/de\/angebot\/","url":"https:\/\/www.pacotransport.pl\/de\/angebot\/","name":"Angebot - Paco Transport","isPartOf":{"@id":"https:\/\/www.pacotransport.pl\/#website"},"datePublished":"2016-08-05T09:42:29+00:00","dateModified":"2016-09-12T17:16:01+00:00","breadcrumb":{"@id":"https:\/\/www.pacotransport.pl\/de\/angebot\/#breadcrumb"},"inLanguage":"de","potentialAction":[{"@type":"ReadAction","target":["https:\/\/www.pacotransport.pl\/de\/angebot\/"]}]},{"@type":"BreadcrumbList","@id":"https:\/\/www.pacotransport.pl\/de\/angebot\/#breadcrumb","itemListElement":[{"@type":"ListItem","position":1,"name":"Strona g\u0142\u00f3wna","item":"https:\/\/www.pacotransport.pl\/de\/"},{"@type":"ListItem","position":2,"name":"Angebot"}]},{"@type":"WebSite","@id":"https:\/\/www.pacotransport.pl\/#website","url":"https:\/\/www.pacotransport.pl\/","name":"Paco Transport","description":"","potentialAction":[{"@type":"SearchAction","target":{"@type":"EntryPoint","urlTemplate":"https:\/\/www.pacotransport.pl\/?s={search_term_string}"},"query-input":{"@type":"PropertyValueSpecification","valueRequired":true,"valueName":"search_term_string"}}],"inLanguage":"de"}]}},"_links":{"self":[{"href":"https:\/\/www.pacotransport.pl\/de\/wp-json\/wp\/v2\/pages\/294","targetHints":{"allow":["GET"]}}],"collection":[{"href":"https:\/\/www.pacotransport.pl\/de\/wp-json\/wp\/v2\/pages"}],"about":[{"href":"https:\/\/www.pacotransport.pl\/de\/wp-json\/wp\/v2\/types\/page"}],"author":[{"embeddable":true,"href":"https:\/\/www.pacotransport.pl\/de\/wp-json\/wp\/v2\/users\/2"}],"replies":[{"embeddable":true,"href":"https:\/\/www.pacotransport.pl\/de\/wp-json\/wp\/v2\/comments?post=294"}],"version-history":[{"count":1,"href":"https:\/\/www.pacotransport.pl\/de\/wp-json\/wp\/v2\/pages\/294\/revisions"}],"predecessor-version":[{"id":343,"href":"https:\/\/www.pacotransport.pl\/de\/wp-json\/wp\/v2\/pages\/294\/revisions\/343"}],"wp:attachment":[{"href":"https:\/\/www.pacotransport.pl\/de\/wp-json\/wp\/v2\/media?parent=294"}],"curies":[{"name":"wp","href":"https:\/\/api.w.org\/{rel}","templated":true}]}}