{"id":291,"date":"2016-08-05T10:42:17","date_gmt":"2016-08-05T09:42:17","guid":{"rendered":"http:\/\/www.pacotransport.pl\/de\/o-firmie\/"},"modified":"2016-09-12T23:35:43","modified_gmt":"2016-09-12T22:35:43","slug":"ueber-die-firma","status":"publish","type":"page","link":"https:\/\/www.pacotransport.pl\/de\/ueber-die-firma\/","title":{"rendered":"\u00dcber Die Firma"},"content":{"rendered":"<p>Paco Us\u0142ugi Transportowe Import-Export Grzegorz Kr\u00f3likowski ist eine polnische Firma (mit 100% inl\u00e4ndischem Kapital), gebaut von Anfang an durch Gregorz Kr\u00f3likowski. Seit 1997 reagiert effektiv auf die wachsenden Erwartungen der Kunden, f\u00fcr die sie die Transport- und Speditionsdienstleistungen erbringt.<\/p>\n<p>Unser Angebot ist an Unternehmen gerichtet, die mit einem professionellen und rechtzeitigen Partner arbeiten m\u00f6chten. Leidenschaft, die uns in unserer t\u00e4glichen Arbeit begleitet und partnerschaftliche Einstellung zu den Kunden haben uns erm\u00f6glicht, Anerkennung unter den gro\u00dfen und bekannten internationalen Marken zu gewinnen. Nach und nach erweiterte Fahrzeugflotte, Umfang der Leistungen, die Besch\u00e4ftigung in den Strukturen unseres Unternehmens und die Zahl der Kunden stellen uns an der Spitze der mittelst\u00e4ndischen Unternehmen in der Logistikbranche.<\/p>\n<p>Bei der Ausf\u00fchrung der an uns anvertrauten Auftr\u00e4ge verwenden wir eine Flotte von modernen Autos (Mercedes, MAN, DAF), die wir immer in autorisierten Autowerkst\u00e4tten reparieren lassen, damit sie immer alle Anforderungen der Europ\u00e4ischen Union erf\u00fcllen. Wir verf\u00fcgen auch \u00fcber Transportst\u00fctzpunkt, wo wir eine Reihe von Logistikoperationen, z.B. Warenumladung, durchf\u00fchren k\u00f6nnen.<\/p>\n<p>Derzeit deckt der Umfang unserer T\u00e4tigkeit ganz Westeuropa, Skandinavien und L\u00e4nder des Nahen und Fernen Osten und nat\u00fcrlich Polen. \u00dcber die h\u00f6chste Qualit\u00e4t unserer Leistungen bezeugen Zertifikate und Auszeichnungen auf nationaler und internationaler Ebene sowie Mitgliedschaft in der Vereinigung der Internationalen Transporteure.<\/p>\n<div style=\"width: 1280px;\" class=\"wp-video\"><!--[if lt IE 9]><script>document.createElement('video');<\/script><![endif]-->\n<video class=\"wp-video-shortcode\" id=\"video-291-1\" width=\"1280\" height=\"720\" poster=\"https:\/\/www.pacotransport.pl\/wp-content\/uploads\/2016\/08\/PAKO-TRANSPORT-Z-MUZYKA-v3-final_x264_001-mp4-image.png\" preload=\"metadata\" controls=\"controls\"><source type=\"video\/mp4\" src=\"https:\/\/www.pacotransport.pl\/wp-content\/uploads\/2016\/08\/PAKO-TRANSPORT-Z-MUZYKA-v3-final_x264_001.mp4?_=1\" \/><a href=\"https:\/\/www.pacotransport.pl\/wp-content\/uploads\/2016\/08\/PAKO-TRANSPORT-Z-MUZYKA-v3-final_x264_001.mp4\">https:\/\/www.pacotransport.pl\/wp-content\/uploads\/2016\/08\/PAKO-TRANSPORT-Z-MUZYKA-v3-final_x264_001.mp4<\/a><\/video><\/div>\n","protected":false},"excerpt":{"rendered":"<p>Paco Us\u0142ugi Transportowe Import-Export Grzegorz Kr\u00f3likowski ist eine polnische Firma (mit 100% inl\u00e4ndischem Kapital), gebaut von Anfang an durch Gregorz Kr\u00f3likowski. Seit 1997 reagiert effektiv auf die wachsenden Erwartungen der Kunden, f\u00fcr die sie die Transport- und Speditionsdienstleistungen erbringt. Unser &hellip; <a href=\"https:\/\/www.pacotransport.pl\/de\/ueber-die-firma\/\">Continue reading <span class=\"meta-nav\">&rarr;<\/span><\/a><\/p>\n","protected":false},"author":2,"featured_media":0,"parent":0,"menu_order":6,"comment_status":"closed","ping_status":"closed","template":"","meta":{"_acf_changed":false,"_monsterinsights_skip_tracking":false,"_monsterinsights_sitenote_active":false,"_monsterinsights_sitenote_note":"","_monsterinsights_sitenote_category":0,"footnotes":""},"class_list":["post-291","page","type-page","status-publish","hentry"],"acf":[],"yoast_head":"<!-- This site is optimized with the Yoast SEO plugin v26.0 - https:\/\/yoast.com\/wordpress\/plugins\/seo\/ -->\n<title>\u00dcber Die Firma - Paco Transport<\/title>\n<meta name=\"robots\" content=\"index, follow, max-snippet:-1, max-image-preview:large, max-video-preview:-1\" \/>\n<link rel=\"canonical\" href=\"https:\/\/www.pacotransport.pl\/de\/ueber-die-firma\/\" \/>\n<meta property=\"og:locale\" content=\"de_DE\" \/>\n<meta property=\"og:type\" content=\"article\" \/>\n<meta property=\"og:title\" content=\"\u00dcber Die Firma - Paco Transport\" \/>\n<meta property=\"og:description\" content=\"Paco Us\u0142ugi Transportowe Import-Export Grzegorz Kr\u00f3likowski ist eine polnische Firma (mit 100% inl\u00e4ndischem Kapital), gebaut von Anfang an durch Gregorz Kr\u00f3likowski. Seit 1997 reagiert effektiv auf die wachsenden Erwartungen der Kunden, f\u00fcr die sie die Transport- und Speditionsdienstleistungen erbringt. Unser &hellip; Continue reading &rarr;\" \/>\n<meta property=\"og:url\" content=\"https:\/\/www.pacotransport.pl\/de\/ueber-die-firma\/\" \/>\n<meta property=\"og:site_name\" content=\"Paco Transport\" \/>\n<meta property=\"article:modified_time\" content=\"2016-09-12T22:35:43+00:00\" \/>\n<meta name=\"twitter:label1\" content=\"Gesch\u00e4tzte Lesezeit\" \/>\n\t<meta name=\"twitter:data1\" content=\"1\u00a0Minute\" \/>\n<script type=\"application\/ld+json\" class=\"yoast-schema-graph\">{\"@context\":\"https:\/\/schema.org\",\"@graph\":[{\"@type\":\"WebPage\",\"@id\":\"https:\/\/www.pacotransport.pl\/de\/ueber-die-firma\/\",\"url\":\"https:\/\/www.pacotransport.pl\/de\/ueber-die-firma\/\",\"name\":\"\u00dcber Die Firma - Paco Transport\",\"isPartOf\":{\"@id\":\"https:\/\/www.pacotransport.pl\/#website\"},\"datePublished\":\"2016-08-05T09:42:17+00:00\",\"dateModified\":\"2016-09-12T22:35:43+00:00\",\"breadcrumb\":{\"@id\":\"https:\/\/www.pacotransport.pl\/de\/ueber-die-firma\/#breadcrumb\"},\"inLanguage\":\"de\",\"potentialAction\":[{\"@type\":\"ReadAction\",\"target\":[\"https:\/\/www.pacotransport.pl\/de\/ueber-die-firma\/\"]}]},{\"@type\":\"BreadcrumbList\",\"@id\":\"https:\/\/www.pacotransport.pl\/de\/ueber-die-firma\/#breadcrumb\",\"itemListElement\":[{\"@type\":\"ListItem\",\"position\":1,\"name\":\"Strona g\u0142\u00f3wna\",\"item\":\"https:\/\/www.pacotransport.pl\/de\/\"},{\"@type\":\"ListItem\",\"position\":2,\"name\":\"\u00dcber Die Firma\"}]},{\"@type\":\"WebSite\",\"@id\":\"https:\/\/www.pacotransport.pl\/#website\",\"url\":\"https:\/\/www.pacotransport.pl\/\",\"name\":\"Paco Transport\",\"description\":\"\",\"potentialAction\":[{\"@type\":\"SearchAction\",\"target\":{\"@type\":\"EntryPoint\",\"urlTemplate\":\"https:\/\/www.pacotransport.pl\/?s={search_term_string}\"},\"query-input\":{\"@type\":\"PropertyValueSpecification\",\"valueRequired\":true,\"valueName\":\"search_term_string\"}}],\"inLanguage\":\"de\"}]}<\/script>\n<!-- \/ Yoast SEO plugin. -->","yoast_head_json":{"title":"\u00dcber Die Firma - Paco Transport","robots":{"index":"index","follow":"follow","max-snippet":"max-snippet:-1","max-image-preview":"max-image-preview:large","max-video-preview":"max-video-preview:-1"},"canonical":"https:\/\/www.pacotransport.pl\/de\/ueber-die-firma\/","og_locale":"de_DE","og_type":"article","og_title":"\u00dcber Die Firma - Paco Transport","og_description":"Paco Us\u0142ugi Transportowe Import-Export Grzegorz Kr\u00f3likowski ist eine polnische Firma (mit 100% inl\u00e4ndischem Kapital), gebaut von Anfang an durch Gregorz Kr\u00f3likowski. Seit 1997 reagiert effektiv auf die wachsenden Erwartungen der Kunden, f\u00fcr die sie die Transport- und Speditionsdienstleistungen erbringt. Unser &hellip; Continue reading &rarr;","og_url":"https:\/\/www.pacotransport.pl\/de\/ueber-die-firma\/","og_site_name":"Paco Transport","article_modified_time":"2016-09-12T22:35:43+00:00","twitter_misc":{"Gesch\u00e4tzte Lesezeit":"1\u00a0Minute"},"schema":{"@context":"https:\/\/schema.org","@graph":[{"@type":"WebPage","@id":"https:\/\/www.pacotransport.pl\/de\/ueber-die-firma\/","url":"https:\/\/www.pacotransport.pl\/de\/ueber-die-firma\/","name":"\u00dcber Die Firma - Paco Transport","isPartOf":{"@id":"https:\/\/www.pacotransport.pl\/#website"},"datePublished":"2016-08-05T09:42:17+00:00","dateModified":"2016-09-12T22:35:43+00:00","breadcrumb":{"@id":"https:\/\/www.pacotransport.pl\/de\/ueber-die-firma\/#breadcrumb"},"inLanguage":"de","potentialAction":[{"@type":"ReadAction","target":["https:\/\/www.pacotransport.pl\/de\/ueber-die-firma\/"]}]},{"@type":"BreadcrumbList","@id":"https:\/\/www.pacotransport.pl\/de\/ueber-die-firma\/#breadcrumb","itemListElement":[{"@type":"ListItem","position":1,"name":"Strona g\u0142\u00f3wna","item":"https:\/\/www.pacotransport.pl\/de\/"},{"@type":"ListItem","position":2,"name":"\u00dcber Die Firma"}]},{"@type":"WebSite","@id":"https:\/\/www.pacotransport.pl\/#website","url":"https:\/\/www.pacotransport.pl\/","name":"Paco Transport","description":"","potentialAction":[{"@type":"SearchAction","target":{"@type":"EntryPoint","urlTemplate":"https:\/\/www.pacotransport.pl\/?s={search_term_string}"},"query-input":{"@type":"PropertyValueSpecification","valueRequired":true,"valueName":"search_term_string"}}],"inLanguage":"de"}]}},"_links":{"self":[{"href":"https:\/\/www.pacotransport.pl\/de\/wp-json\/wp\/v2\/pages\/291","targetHints":{"allow":["GET"]}}],"collection":[{"href":"https:\/\/www.pacotransport.pl\/de\/wp-json\/wp\/v2\/pages"}],"about":[{"href":"https:\/\/www.pacotransport.pl\/de\/wp-json\/wp\/v2\/types\/page"}],"author":[{"embeddable":true,"href":"https:\/\/www.pacotransport.pl\/de\/wp-json\/wp\/v2\/users\/2"}],"replies":[{"embeddable":true,"href":"https:\/\/www.pacotransport.pl\/de\/wp-json\/wp\/v2\/comments?post=291"}],"version-history":[{"count":3,"href":"https:\/\/www.pacotransport.pl\/de\/wp-json\/wp\/v2\/pages\/291\/revisions"}],"predecessor-version":[{"id":405,"href":"https:\/\/www.pacotransport.pl\/de\/wp-json\/wp\/v2\/pages\/291\/revisions\/405"}],"wp:attachment":[{"href":"https:\/\/www.pacotransport.pl\/de\/wp-json\/wp\/v2\/media?parent=291"}],"curies":[{"name":"wp","href":"https:\/\/api.w.org\/{rel}","templated":true}]}}